{"id":2450,"date":"2026-02-12T07:45:57","date_gmt":"2026-02-12T07:45:57","guid":{"rendered":"https:\/\/www.gurelmutfakgerecleri.com\/?post_type=product&#038;p=2450"},"modified":"2026-02-17T08:25:36","modified_gmt":"2026-02-17T08:25:36","slug":"anka-2-demlik-eko-bakir-cay-kazani-kopya","status":"publish","type":"product","link":"https:\/\/www.gurelmutfakgerecleri.com\/index.php\/urun\/anka-2-demlik-eko-bakir-cay-kazani-kopya\/","title":{"rendered":"2 Demlikli Bak\u0131r \u00c7ay Kazan\u0131"},"content":{"rendered":"<h4>Anka 2 Demlik Eko\/Elektrikli Bak\u0131r \u00c7ay Kazan\u0131<\/h4>\n<ul>\n<li>Elektrikle \u00e7al\u0131\u015fabilme imkan\u0131<\/li>\n<li>Ak\u0131ll\u0131 (Otomatik) su sistemi<\/li>\n<li>Paslanmaz \u00c7elik Su haznesi<\/li>\n<li>Is\u0131 kontrol sistemi<\/li>\n<li>\u00c7ift cidarl\u0131<\/li>\n<li>Enerji tasarruflu<\/li>\n<li>Kapasite: 24 Litre<\/li>\n<li>Ebat: 60*36*50<\/li>\n<li>A\u011f\u0131rl\u0131k: 9 kg<\/li>\n<li>G\u00fc\u00e7: 2+1<\/li>\n<\/ul>\n","protected":false},"excerpt":{"rendered":"<h5>+ KDV<\/h5>\n<h5>\u0130stanbul i\u00e7i \u00fccretsiz teslimat.<\/h5>\n<h5>Kurumsal teklif al\u0131n.<\/h5>\n<h5>Demlikler fiyata dahil de\u011fildir,<\/h5>\n","protected":false},"featured_media":2451,"comment_status":"open","ping_status":"closed","template":"","meta":{"_joinchat":[]},"product_brand":[],"product_cat":[36],"product_tag":[],"class_list":{"0":"post-2450","1":"product","2":"type-product","3":"status-publish","4":"has-post-thumbnail","6":"product_cat-icecek-ekipmanlari","8":"first","9":"instock","10":"taxable","11":"shipping-taxable","12":"purchasable","13":"product-type-simple"},"jetpack_sharing_enabled":true,"_links":{"self":[{"href":"https:\/\/www.gurelmutfakgerecleri.com\/index.php\/wp-json\/wp\/v2\/product\/2450","targetHints":{"allow":["GET"]}}],"collection":[{"href":"https:\/\/www.gurelmutfakgerecleri.com\/index.php\/wp-json\/wp\/v2\/product"}],"about":[{"href":"https:\/\/www.gurelmutfakgerecleri.com\/index.php\/wp-json\/wp\/v2\/types\/product"}],"replies":[{"embeddable":true,"href":"https:\/\/www.gurelmutfakgerecleri.com\/index.php\/wp-json\/wp\/v2\/comments?post=2450"}],"wp:featuredmedia":[{"embeddable":true,"href":"https:\/\/www.gurelmutfakgerecleri.com\/index.php\/wp-json\/wp\/v2\/media\/2451"}],"wp:attachment":[{"href":"https:\/\/www.gurelmutfakgerecleri.com\/index.php\/wp-json\/wp\/v2\/media?parent=2450"}],"wp:term":[{"taxonomy":"product_brand","embeddable":true,"href":"https:\/\/www.gurelmutfakgerecleri.com\/index.php\/wp-json\/wp\/v2\/product_brand?post=2450"},{"taxonomy":"product_cat","embeddable":true,"href":"https:\/\/www.gurelmutfakgerecleri.com\/index.php\/wp-json\/wp\/v2\/product_cat?post=2450"},{"taxonomy":"product_tag","embeddable":true,"href":"https:\/\/www.gurelmutfakgerecleri.com\/index.php\/wp-json\/wp\/v2\/product_tag?post=2450"}],"curies":[{"name":"wp","href":"https:\/\/api.w.org\/{rel}","templated":true}]}}