{"id":2308,"date":"2025-12-17T08:39:19","date_gmt":"2025-12-17T08:39:19","guid":{"rendered":"https:\/\/www.gurelmutfakgerecleri.com\/?post_type=product&#038;p=2308"},"modified":"2025-12-17T09:13:42","modified_gmt":"2025-12-17T09:13:42","slug":"vosco-kahve-degirmeni-tam-otomatik-dozaj-ayarli-kd-p25","status":"publish","type":"product","link":"https:\/\/www.gurelmutfakgerecleri.com\/index.php\/urun\/vosco-kahve-degirmeni-tam-otomatik-dozaj-ayarli-kd-p25\/","title":{"rendered":"Vosco Kahve De\u011firmeni Tam Otomatik Dozaj Ayarl\u0131, KD-P25"},"content":{"rendered":"<p>Temperli, 60 mm \u00e7ap\u0131nda \u00e7elik \u00f6\u011f\u00fctme di\u015flisi<br \/>\n-\u00c7ok fonksiyonlu dijital panel<br \/>\n-Single veya double tam otomatik dijital \u00f6\u011f\u00fctme veya (\u00f6\u011f\u00fctme zaman ayarlanabilir)<br \/>\n-K\u0131r\u0131lmaya dayan\u0131kl\u0131 polikarbon 1.1kg \u00e7ekirdek haznesi<br \/>\n-Toplam veya k\u0131smi kahve sayac\u0131<br \/>\n-Rpm: 2500<br \/>\n-\u00d6l\u00e7\u00fcleri: 23x15x48cm<br \/>\n-Paket \u00d6l\u00e7\u00fcs\u00fc: 42x19x32<br \/>\n-Volatj: 220V\/50Hz<br \/>\nG\u00fc\u00e7: 210W<br \/>\nA\u011f\u0131rl\u0131k: 6kg<\/p>\n","protected":false},"excerpt":{"rendered":"<h5>+ KDV<\/h5>\n<h5>\u0130stanbul i\u00e7i \u00fccretsiz teslimat.<\/h5>\n<h5>Kurumsal teklif al\u0131n.<\/h5>\n","protected":false},"featured_media":2310,"comment_status":"open","ping_status":"closed","template":"","meta":{"_joinchat":[]},"product_brand":[],"product_cat":[36],"product_tag":[],"class_list":{"0":"post-2308","1":"product","2":"type-product","3":"status-publish","4":"has-post-thumbnail","6":"product_cat-icecek-ekipmanlari","8":"first","9":"instock","10":"taxable","11":"shipping-taxable","12":"purchasable","13":"product-type-simple"},"jetpack_sharing_enabled":true,"_links":{"self":[{"href":"https:\/\/www.gurelmutfakgerecleri.com\/index.php\/wp-json\/wp\/v2\/product\/2308","targetHints":{"allow":["GET"]}}],"collection":[{"href":"https:\/\/www.gurelmutfakgerecleri.com\/index.php\/wp-json\/wp\/v2\/product"}],"about":[{"href":"https:\/\/www.gurelmutfakgerecleri.com\/index.php\/wp-json\/wp\/v2\/types\/product"}],"replies":[{"embeddable":true,"href":"https:\/\/www.gurelmutfakgerecleri.com\/index.php\/wp-json\/wp\/v2\/comments?post=2308"}],"wp:featuredmedia":[{"embeddable":true,"href":"https:\/\/www.gurelmutfakgerecleri.com\/index.php\/wp-json\/wp\/v2\/media\/2310"}],"wp:attachment":[{"href":"https:\/\/www.gurelmutfakgerecleri.com\/index.php\/wp-json\/wp\/v2\/media?parent=2308"}],"wp:term":[{"taxonomy":"product_brand","embeddable":true,"href":"https:\/\/www.gurelmutfakgerecleri.com\/index.php\/wp-json\/wp\/v2\/product_brand?post=2308"},{"taxonomy":"product_cat","embeddable":true,"href":"https:\/\/www.gurelmutfakgerecleri.com\/index.php\/wp-json\/wp\/v2\/product_cat?post=2308"},{"taxonomy":"product_tag","embeddable":true,"href":"https:\/\/www.gurelmutfakgerecleri.com\/index.php\/wp-json\/wp\/v2\/product_tag?post=2308"}],"curies":[{"name":"wp","href":"https:\/\/api.w.org\/{rel}","templated":true}]}}