{"id":2304,"date":"2025-12-17T08:35:08","date_gmt":"2025-12-17T08:35:08","guid":{"rendered":"https:\/\/www.gurelmutfakgerecleri.com\/?post_type=product&#038;p=2304"},"modified":"2025-12-17T08:36:17","modified_gmt":"2025-12-17T08:36:17","slug":"vosco-kd-25-yari-otomatik-kahve-degirmeni-gri","status":"publish","type":"product","link":"https:\/\/www.gurelmutfakgerecleri.com\/index.php\/urun\/vosco-kd-25-yari-otomatik-kahve-degirmeni-gri\/","title":{"rendered":"Vosco KD 25 Yar\u0131 Otomatik Kahve De\u011firmeni, Gri"},"content":{"rendered":"<h3>Vosco KD 25 Yar\u0131 Otomatik Kahve De\u011firmeni<\/h3>\n<ul>\n<li>Temperli, 60 mm \u00e7ap\u0131nda \u00e7elik \u00f6\u011f\u00fctme di\u015flisi<\/li>\n<li>Single veya double yar\u0131 otomatik \u00f6\u011f\u00fctme<\/li>\n<li>K\u0131r\u0131lmaya dayan\u0131kl\u0131 polikarbon 1.1 kg \u00e7ekirdek haznesi<\/li>\n<li><strong>\u00d6l\u00e7\u00fcler:<\/strong>\u00a022x25x48 cm<\/li>\n<li><strong>Paket \u00f6l\u00e7\u00fcs\u00fc:<\/strong>\u00a042x19x32 cm<\/li>\n<li><strong>Voltaj:<\/strong>\u00a0220 V\/50 Hz<\/li>\n<li><strong>G\u00fc\u00e7:<\/strong>\u00a0210 w &#8211;\u00a0\u00a02500 rpm<\/li>\n<li><strong>A\u011f\u0131rl\u0131k:<\/strong>\u00a05,5 kg<\/li>\n<\/ul>\n","protected":false},"excerpt":{"rendered":"<h5>+ KDV<\/h5>\n<h5>\u0130stanbul i\u00e7i \u00fccretsiz teslimat.<\/h5>\n<h5>Kurumsal teklif al\u0131n.<\/h5>\n","protected":false},"featured_media":2305,"comment_status":"open","ping_status":"closed","template":"","meta":{"_joinchat":[]},"product_brand":[],"product_cat":[36],"product_tag":[],"class_list":{"0":"post-2304","1":"product","2":"type-product","3":"status-publish","4":"has-post-thumbnail","6":"product_cat-icecek-ekipmanlari","8":"first","9":"instock","10":"taxable","11":"shipping-taxable","12":"purchasable","13":"product-type-simple"},"jetpack_sharing_enabled":true,"_links":{"self":[{"href":"https:\/\/www.gurelmutfakgerecleri.com\/index.php\/wp-json\/wp\/v2\/product\/2304","targetHints":{"allow":["GET"]}}],"collection":[{"href":"https:\/\/www.gurelmutfakgerecleri.com\/index.php\/wp-json\/wp\/v2\/product"}],"about":[{"href":"https:\/\/www.gurelmutfakgerecleri.com\/index.php\/wp-json\/wp\/v2\/types\/product"}],"replies":[{"embeddable":true,"href":"https:\/\/www.gurelmutfakgerecleri.com\/index.php\/wp-json\/wp\/v2\/comments?post=2304"}],"wp:featuredmedia":[{"embeddable":true,"href":"https:\/\/www.gurelmutfakgerecleri.com\/index.php\/wp-json\/wp\/v2\/media\/2305"}],"wp:attachment":[{"href":"https:\/\/www.gurelmutfakgerecleri.com\/index.php\/wp-json\/wp\/v2\/media?parent=2304"}],"wp:term":[{"taxonomy":"product_brand","embeddable":true,"href":"https:\/\/www.gurelmutfakgerecleri.com\/index.php\/wp-json\/wp\/v2\/product_brand?post=2304"},{"taxonomy":"product_cat","embeddable":true,"href":"https:\/\/www.gurelmutfakgerecleri.com\/index.php\/wp-json\/wp\/v2\/product_cat?post=2304"},{"taxonomy":"product_tag","embeddable":true,"href":"https:\/\/www.gurelmutfakgerecleri.com\/index.php\/wp-json\/wp\/v2\/product_tag?post=2304"}],"curies":[{"name":"wp","href":"https:\/\/api.w.org\/{rel}","templated":true}]}}