{"id":2141,"date":"2025-10-06T10:30:41","date_gmt":"2025-10-06T10:30:41","guid":{"rendered":"https:\/\/www.gurelmutfakgerecleri.com\/?post_type=product&#038;p=2141"},"modified":"2025-10-06T10:32:55","modified_gmt":"2025-10-06T10:32:55","slug":"inoxmaster-3-lu-doner-ocagi","status":"publish","type":"product","link":"https:\/\/www.gurelmutfakgerecleri.com\/index.php\/urun\/inoxmaster-3-lu-doner-ocagi\/","title":{"rendered":"\u0130noxmaster 3 l\u00fc D\u00f6ner Oca\u011f\u0131"},"content":{"rendered":"<h5><strong>\u0130noxmaster 3 L\u00fc D\u00f6ner Oca\u011f\u0131 Gazl\u0131 ve Lpg Li 44x52x100 Cm<\/strong><\/h5>\n<h5>Paslanmaz \u00e7elik g\u00f6vde<br \/>\nAyarlanabilir d\u00f6ner \u015fi\u015fi<br \/>\nDayan\u0131kl\u0131 radyan pi\u015firiciler<br \/>\nHijyenik,Emniyetli ve uzun \u00f6m\u00fcrl\u00fc<\/h5>\n<h5>Enerji: 9 KW<br \/>\n\u00dcr\u00fcn \u00d6l\u00e7\u00fcleri: 44x52x100 cm<br \/>\n\u00dcr\u00fcn\u00fcn Kapasitesi: 3\u00a0Adet<br \/>\nA\u011f\u0131rl\u0131k: 17 kg<\/h5>\n<h5>Do\u011falgaz ve Lpg d\u00f6n\u00fc\u015fl\u00fc<\/h5>\n","protected":false},"excerpt":{"rendered":"<h5>+ KDV<\/h5>\n<h5>\u0130stanbul i\u00e7i \u00fccretsiz teslimat<\/h5>\n","protected":false},"featured_media":2142,"comment_status":"open","ping_status":"closed","template":"","meta":{"_joinchat":[]},"product_brand":[],"product_cat":[33],"product_tag":[],"class_list":{"0":"post-2141","1":"product","2":"type-product","3":"status-publish","4":"has-post-thumbnail","6":"product_cat-pisirme-ekipmanlari","8":"first","9":"instock","10":"taxable","11":"shipping-taxable","12":"purchasable","13":"product-type-simple"},"jetpack_sharing_enabled":true,"_links":{"self":[{"href":"https:\/\/www.gurelmutfakgerecleri.com\/index.php\/wp-json\/wp\/v2\/product\/2141","targetHints":{"allow":["GET"]}}],"collection":[{"href":"https:\/\/www.gurelmutfakgerecleri.com\/index.php\/wp-json\/wp\/v2\/product"}],"about":[{"href":"https:\/\/www.gurelmutfakgerecleri.com\/index.php\/wp-json\/wp\/v2\/types\/product"}],"replies":[{"embeddable":true,"href":"https:\/\/www.gurelmutfakgerecleri.com\/index.php\/wp-json\/wp\/v2\/comments?post=2141"}],"wp:featuredmedia":[{"embeddable":true,"href":"https:\/\/www.gurelmutfakgerecleri.com\/index.php\/wp-json\/wp\/v2\/media\/2142"}],"wp:attachment":[{"href":"https:\/\/www.gurelmutfakgerecleri.com\/index.php\/wp-json\/wp\/v2\/media?parent=2141"}],"wp:term":[{"taxonomy":"product_brand","embeddable":true,"href":"https:\/\/www.gurelmutfakgerecleri.com\/index.php\/wp-json\/wp\/v2\/product_brand?post=2141"},{"taxonomy":"product_cat","embeddable":true,"href":"https:\/\/www.gurelmutfakgerecleri.com\/index.php\/wp-json\/wp\/v2\/product_cat?post=2141"},{"taxonomy":"product_tag","embeddable":true,"href":"https:\/\/www.gurelmutfakgerecleri.com\/index.php\/wp-json\/wp\/v2\/product_tag?post=2141"}],"curies":[{"name":"wp","href":"https:\/\/api.w.org\/{rel}","templated":true}]}}