{"id":1871,"date":"2025-08-27T12:25:15","date_gmt":"2025-08-27T12:25:15","guid":{"rendered":"https:\/\/www.gurelmutfakgerecleri.com\/?post_type=product&#038;p=1871"},"modified":"2025-08-27T13:53:12","modified_gmt":"2025-08-27T13:53:12","slug":"remta-de10-jumbo-cay-makinesi-3-demlikli-40-l-elektrikli","status":"publish","type":"product","link":"https:\/\/www.gurelmutfakgerecleri.com\/index.php\/urun\/remta-de10-jumbo-cay-makinesi-3-demlikli-40-l-elektrikli\/","title":{"rendered":"Remta DE10 Jumbo \u00c7ay Makinesi, 3 Demlikli, 40 L, Elektrikli"},"content":{"rendered":"<p>\u00d6zel tasar\u0131m\u0131 ve rengi ile, ofis ve i\u015f yerlerinde kullan\u0131ma uygun olarak \u00fcretilen, remta jumbo model elektrikli \u00e7ay kazan\u0131 40 litre \u00e7ay kapasitesine sahiptir ve \u00fczerine \u00fc\u00e7 adet demlik konulacak \u015fekilde \u00fcretilmi\u015f olup demlikler \u00fcr\u00fcn koli i\u00e7eri\u011fine dahildir. Cihaz\u0131n i\u00e7 ve d\u0131\u015f kazan aras\u0131 \u0131s\u0131 yal\u0131t\u0131ml\u0131 olup so\u011fumay\u0131 geciktirerek elektrik tasarrufu sa\u011flar.<\/p>\n<ul>\n<li>304 krom 18\/10 paslanmaz \u00e7elikten \u00fcretilmi\u015ftir.<\/li>\n<li>G\u00f6vdesi ve s\u00fczgeci paslanmaz \u00e7eliktir.<\/li>\n<li>\u00c7ay lezzetinin uzun s\u00fcre bozulmamas\u0131n\u0131 sa\u011flar.<\/li>\n<li>Toplu t\u00fcketim i\u00e7in uygun kullan\u0131m sa\u011flar.<\/li>\n<li>Hijyenik ve uzun \u00f6m\u00fcrl\u00fcd\u00fcr.<\/li>\n<li>Otomatik \u0131s\u0131 kontrol sistemi ile tasarrufludur.<\/li>\n<li>Su \u0131s\u0131tma sistemi \u00f6zel olarak tasarlanm\u0131\u015ft\u0131r.<\/li>\n<li>G\u00fcn boyu bayatlamayan \u00e7ay demi ve s\u0131cak su verir.<\/li>\n<li>Suyu kaynatan , paslanmayan \u015fok t\u00fcp rezistans ile donat\u0131lm\u0131\u015ft\u0131r.<\/li>\n<li>\u00d6zel model musluklar\u0131 ile ergonomik kullan\u0131m sa\u011flar.<\/li>\n<li>\u00dcr\u00fcn \u00d6l\u00e7\u00fcleri: 540x405x710 mm<\/li>\n<li>A\u011f\u0131rl\u0131k: 14 kg<\/li>\n<li>Kapasite: 40 lt<\/li>\n<li>G\u00fc\u00e7: 3000W<\/li>\n<\/ul>\n<p><strong>Demlikler \u00fcr\u00fcne dahildir.<\/strong><\/p>\n","protected":false},"excerpt":{"rendered":"<h5>+ KDV<\/h5>\n<h5>\u0130stanbul i\u00e7i \u00fccretsiz teslimat.<\/h5>\n<h5>Kurumsal teklif al\u0131n.<\/h5>\n","protected":false},"featured_media":1889,"comment_status":"open","ping_status":"closed","template":"","meta":{"_joinchat":[]},"product_brand":[],"product_cat":[36],"product_tag":[],"class_list":{"0":"post-1871","1":"product","2":"type-product","3":"status-publish","4":"has-post-thumbnail","6":"product_cat-icecek-ekipmanlari","8":"first","9":"instock","10":"taxable","11":"shipping-taxable","12":"purchasable","13":"product-type-simple"},"jetpack_sharing_enabled":true,"_links":{"self":[{"href":"https:\/\/www.gurelmutfakgerecleri.com\/index.php\/wp-json\/wp\/v2\/product\/1871","targetHints":{"allow":["GET"]}}],"collection":[{"href":"https:\/\/www.gurelmutfakgerecleri.com\/index.php\/wp-json\/wp\/v2\/product"}],"about":[{"href":"https:\/\/www.gurelmutfakgerecleri.com\/index.php\/wp-json\/wp\/v2\/types\/product"}],"replies":[{"embeddable":true,"href":"https:\/\/www.gurelmutfakgerecleri.com\/index.php\/wp-json\/wp\/v2\/comments?post=1871"}],"wp:featuredmedia":[{"embeddable":true,"href":"https:\/\/www.gurelmutfakgerecleri.com\/index.php\/wp-json\/wp\/v2\/media\/1889"}],"wp:attachment":[{"href":"https:\/\/www.gurelmutfakgerecleri.com\/index.php\/wp-json\/wp\/v2\/media?parent=1871"}],"wp:term":[{"taxonomy":"product_brand","embeddable":true,"href":"https:\/\/www.gurelmutfakgerecleri.com\/index.php\/wp-json\/wp\/v2\/product_brand?post=1871"},{"taxonomy":"product_cat","embeddable":true,"href":"https:\/\/www.gurelmutfakgerecleri.com\/index.php\/wp-json\/wp\/v2\/product_cat?post=1871"},{"taxonomy":"product_tag","embeddable":true,"href":"https:\/\/www.gurelmutfakgerecleri.com\/index.php\/wp-json\/wp\/v2\/product_tag?post=1871"}],"curies":[{"name":"wp","href":"https:\/\/api.w.org\/{rel}","templated":true}]}}