{"id":1828,"date":"2025-08-26T13:55:39","date_gmt":"2025-08-26T13:55:39","guid":{"rendered":"https:\/\/www.gurelmutfakgerecleri.com\/?post_type=product&#038;p=1828"},"modified":"2025-08-27T09:33:26","modified_gmt":"2025-08-27T09:33:26","slug":"mateka-5-kg-hamur-yogurma-makinesi","status":"publish","type":"product","link":"https:\/\/www.gurelmutfakgerecleri.com\/index.php\/urun\/mateka-5-kg-hamur-yogurma-makinesi\/","title":{"rendered":"MATEKA 5 KG HAMUR YO\u011eURMA MAK\u0130NES\u0130"},"content":{"rendered":"<h3 class=\"product_title entry-title\">HYM 300 \u2013 Hamur Yo\u011furma 5Kg &#8211; Monofaze<\/h3>\n<p class=\"product_title entry-title\">Klasik tip hamur yo\u011furma makinesi g\u00fc\u00e7l\u00fc ve dayan\u0131kl\u0131 g\u00f6vde yap\u0131s\u0131, 5 kg\u2019dan 250 kg\u2019a kadar hamur kar\u0131\u015ft\u0131rma kapasitesi ile orta ve b\u00fcy\u00fck kapasiteli i\u015fletmelerin kullan\u0131m\u0131 i\u00e7in uygundur. G\u0131daya temas eden kazan, \u00e7atal ve miller AISI 304 paslanmaz \u00e7elikten imal edilmi\u015ftir. Motor ve red\u00fckt\u00f6rl\u00fc tahrik d\u00fczene\u011fi g\u00f6vde i\u00e7inde yer al\u0131r. G\u00f6vdede kullan\u0131lan toz boya sa\u011flaml\u0131k ve temizleme kolayl\u0131\u011f\u0131 sunar. \u0130ste\u011fe ba\u011fl\u0131 olarak CE normlar\u0131na uygun emniyet kapa\u011f\u0131 ve emniyet switchi uygulanabilir.<\/p>\n","protected":false},"excerpt":{"rendered":"<h5>+ KDV<\/h5>\n<h5>\u0130stanbul i\u00e7i \u00fccretsiz teslimat.<\/h5>\n<h5>Kurumsal teklif al\u0131n\u0131z.<\/h5>\n","protected":false},"featured_media":1853,"comment_status":"open","ping_status":"closed","template":"","meta":{"_joinchat":[]},"product_brand":[],"product_cat":[15,32],"product_tag":[],"class_list":{"0":"post-1828","1":"product","2":"type-product","3":"status-publish","4":"has-post-thumbnail","6":"product_cat-genel","7":"product_cat-hazirlik-ekipmanlari","9":"first","10":"instock","11":"taxable","12":"shipping-taxable","13":"purchasable","14":"product-type-simple"},"jetpack_sharing_enabled":true,"_links":{"self":[{"href":"https:\/\/www.gurelmutfakgerecleri.com\/index.php\/wp-json\/wp\/v2\/product\/1828","targetHints":{"allow":["GET"]}}],"collection":[{"href":"https:\/\/www.gurelmutfakgerecleri.com\/index.php\/wp-json\/wp\/v2\/product"}],"about":[{"href":"https:\/\/www.gurelmutfakgerecleri.com\/index.php\/wp-json\/wp\/v2\/types\/product"}],"replies":[{"embeddable":true,"href":"https:\/\/www.gurelmutfakgerecleri.com\/index.php\/wp-json\/wp\/v2\/comments?post=1828"}],"wp:featuredmedia":[{"embeddable":true,"href":"https:\/\/www.gurelmutfakgerecleri.com\/index.php\/wp-json\/wp\/v2\/media\/1853"}],"wp:attachment":[{"href":"https:\/\/www.gurelmutfakgerecleri.com\/index.php\/wp-json\/wp\/v2\/media?parent=1828"}],"wp:term":[{"taxonomy":"product_brand","embeddable":true,"href":"https:\/\/www.gurelmutfakgerecleri.com\/index.php\/wp-json\/wp\/v2\/product_brand?post=1828"},{"taxonomy":"product_cat","embeddable":true,"href":"https:\/\/www.gurelmutfakgerecleri.com\/index.php\/wp-json\/wp\/v2\/product_cat?post=1828"},{"taxonomy":"product_tag","embeddable":true,"href":"https:\/\/www.gurelmutfakgerecleri.com\/index.php\/wp-json\/wp\/v2\/product_tag?post=1828"}],"curies":[{"name":"wp","href":"https:\/\/api.w.org\/{rel}","templated":true}]}}