{"id":1713,"date":"2025-08-20T13:06:50","date_gmt":"2025-08-20T13:06:50","guid":{"rendered":"https:\/\/www.gurelmutfakgerecleri.com\/?post_type=product&#038;p=1713"},"modified":"2025-09-04T14:18:47","modified_gmt":"2025-09-04T14:18:47","slug":"faema-e98-up-tall-cup-full-otomatik-espresso-kahve-makinesi-2-gruplu","status":"publish","type":"product","link":"https:\/\/www.gurelmutfakgerecleri.com\/index.php\/urun\/faema-e98-up-tall-cup-full-otomatik-espresso-kahve-makinesi-2-gruplu\/","title":{"rendered":"Faema E98 Up Tall Cup Full Otomatik Espresso Kahve Makinesi, 2 Gruplu"},"content":{"rendered":"<h3 id=\"product-title\">Faema E98 Up Tall Cup Full Otomatik Espresso Kahve Makinesi, 2 Gruplu<\/h3>\n<p>E98UP, kullan\u0131m\u0131 ve bak\u0131m\u0131 kolay, zarif, \u00e7ok y\u00f6nl\u00fc bir makinedir. Ergonomik ve sa\u011flam olan E98UP \u00e7elikten imal edilmi\u015ftir. Sabit nozullu termosifon sistemi g\u00fcvenilirdir ve her seferinde fincan\u0131n m\u00fckemmel sonu\u00e7lar\u0131 i\u00e7in en y\u00fcksek performans\u0131 garanti eder.<\/p>\n<p><strong><u>Teknik \u00d6zellikleri<\/u><\/strong><\/p>\n<ul>\n<li>Renk: Siyah<\/li>\n<li>Buhar \u00c7ubuklar\u0131: 2 adet<\/li>\n<li>S\u0131cak Su \u00c7ubugu: 1 adet<\/li>\n<li>Kazan Kapasitesi: 11 lt<\/li>\n<li>\u00d6l\u00e7\u00fcler: 820x518x552 mm<\/li>\n<li>A\u011f\u0131rl\u0131k: 63 kg<\/li>\n<li>Voltaj: 380 V 3 50\/60 Hz<\/li>\n<li>Maximum G\u00fc\u00e7: 4000 &#8211; 4800 W<\/li>\n<\/ul>\n<p>&nbsp;<\/p>\n","protected":false},"excerpt":{"rendered":"<h5>+ KDV<\/h5>\n<h5>\u0130stanbul i\u00e7i \u00fccretsiz teslimat.<\/h5>\n<h5>Kurumsal teklif al\u0131n.<\/h5>\n","protected":false},"featured_media":1978,"comment_status":"open","ping_status":"closed","template":"","meta":{"_joinchat":[]},"product_brand":[],"product_cat":[44,36],"product_tag":[],"class_list":{"0":"post-1713","1":"product","2":"type-product","3":"status-publish","4":"has-post-thumbnail","6":"product_cat-cafe-ekipmanlari","7":"product_cat-icecek-ekipmanlari","9":"first","10":"instock","11":"taxable","12":"shipping-taxable","13":"purchasable","14":"product-type-simple"},"jetpack_sharing_enabled":true,"_links":{"self":[{"href":"https:\/\/www.gurelmutfakgerecleri.com\/index.php\/wp-json\/wp\/v2\/product\/1713","targetHints":{"allow":["GET"]}}],"collection":[{"href":"https:\/\/www.gurelmutfakgerecleri.com\/index.php\/wp-json\/wp\/v2\/product"}],"about":[{"href":"https:\/\/www.gurelmutfakgerecleri.com\/index.php\/wp-json\/wp\/v2\/types\/product"}],"replies":[{"embeddable":true,"href":"https:\/\/www.gurelmutfakgerecleri.com\/index.php\/wp-json\/wp\/v2\/comments?post=1713"}],"wp:featuredmedia":[{"embeddable":true,"href":"https:\/\/www.gurelmutfakgerecleri.com\/index.php\/wp-json\/wp\/v2\/media\/1978"}],"wp:attachment":[{"href":"https:\/\/www.gurelmutfakgerecleri.com\/index.php\/wp-json\/wp\/v2\/media?parent=1713"}],"wp:term":[{"taxonomy":"product_brand","embeddable":true,"href":"https:\/\/www.gurelmutfakgerecleri.com\/index.php\/wp-json\/wp\/v2\/product_brand?post=1713"},{"taxonomy":"product_cat","embeddable":true,"href":"https:\/\/www.gurelmutfakgerecleri.com\/index.php\/wp-json\/wp\/v2\/product_cat?post=1713"},{"taxonomy":"product_tag","embeddable":true,"href":"https:\/\/www.gurelmutfakgerecleri.com\/index.php\/wp-json\/wp\/v2\/product_tag?post=1713"}],"curies":[{"name":"wp","href":"https:\/\/api.w.org\/{rel}","templated":true}]}}