{"id":1709,"date":"2025-08-20T12:57:13","date_gmt":"2025-08-20T12:57:13","guid":{"rendered":"https:\/\/www.gurelmutfakgerecleri.com\/?post_type=product&#038;p=1709"},"modified":"2026-02-12T14:02:19","modified_gmt":"2026-02-12T14:02:19","slug":"oztiryakiler-mini-barista-espresso-kahve-makinesi-ogutuculu-tek-gruplu","status":"publish","type":"product","link":"https:\/\/www.gurelmutfakgerecleri.com\/index.php\/urun\/oztiryakiler-mini-barista-espresso-kahve-makinesi-ogutuculu-tek-gruplu\/","title":{"rendered":"\u00d6ztiryakiler Mini Barista Espresso Kahve Makinesi, \u00d6\u011f\u00fct\u00fcc\u00fcl\u00fc, Tek Gruplu"},"content":{"rendered":"<h3>\u00d6ztiryakiler Mini Barista Espresso Kahve Makinesi, \u00d6\u011f\u00fct\u00fcc\u00fcl\u00fc, Tek Gruplu<\/h3>\n<ul>\n<li>2,7 l \u00e7\u0131kar\u0131labilir su tank\u0131<\/li>\n<li>PID+NTC s\u0131cakl\u0131k teknolojisi<\/li>\n<li>\u00c7ift \u0131s\u0131tma sistemi ile aktif s\u0131cakl\u0131k kontrol\u00fc<\/li>\n<li>Double pompa sistemi: 20 bar kahve sistemi +5 bar \u0131s\u0131tma fonksiyonu<\/li>\n<li>Bardak \u0131s\u0131tma fonksiyonu<\/li>\n<li>Modern dokunmatik kontrol paneli<\/li>\n<li>Paslanmaz \u00e7elik g\u00f6vde<\/li>\n<li>\u00c7ift kazanl\u0131 yap\u0131:1500W kahve kazan\u0131, +1300Wbuhar kazan\u0131<\/li>\n<li>58 mm portafilter ile 22 gram demleme<\/li>\n<li>\u00c7\u0131kar\u0131labilir damlal\u0131k tepsisi<\/li>\n<li>\u00c7\u0131kar\u0131labilir 250 gr \u00e7ekirdek haznesi<\/li>\n<li>15 farkl\u0131 \u00f6\u011f\u00fctme ayar\u0131 kal\u0131ndan inceye ve \u00f6\u011f\u00fctme s\u00fcresi ayarlanabilir.<\/li>\n<li>S\u00fct k\u00f6p\u00fcrtme \u00e7ubu\u011fu<\/li>\n<li>Evde Kullan\u0131ma uygun<\/li>\n<li>S\u0131cak su \u00e7\u0131k\u0131\u015f\u0131<\/li>\n<li><strong>\u00d6l\u00e7\u00fcler<\/strong>:39,5x43x56 cm<\/li>\n<li><strong>A\u011f\u0131rl\u0131k<\/strong>: 13,5 kg<\/li>\n<li><strong>G\u00fc\u00e7<\/strong>: 2800 W<\/li>\n<li><strong>Elektrik<\/strong>: 220-240V, 50\/60 Hz<\/li>\n<\/ul>\n<p><strong>Kutu \u0130\u00e7eri\u011fi<\/strong><\/p>\n<ul>\n<li>1 Adet Portafiltre 58mm<\/li>\n<li>1 Adet Toz Temizleme F\u0131r\u00e7as\u0131<\/li>\n<li>1 Adet B\u0131\u00e7ak Diski Temizleme F\u0131r\u00e7as\u0131<\/li>\n<li>1 Adet Demleme Ba\u015fl\u0131\u011f\u0131 Temizleme F\u0131r\u00e7as\u0131<\/li>\n<li>1 Adet Tek Fincan Filtresi<\/li>\n<li>1 Adet \u00c7ift Fincan Filtresi<\/li>\n<li>1 Adet Latte Art Kab\u0131<\/li>\n<li>1 Adet Tamper<\/li>\n<\/ul>\n","protected":false},"excerpt":{"rendered":"<h5>+ KDV<\/h5>\n<h5>\u0130stanbul i\u00e7i \u00fccretsiz teslimat.<\/h5>\n<h5>Kurumsal teklif al\u0131n.<\/h5>\n","protected":false},"featured_media":1870,"comment_status":"open","ping_status":"closed","template":"","meta":{"_joinchat":[]},"product_brand":[],"product_cat":[44,36],"product_tag":[],"class_list":{"0":"post-1709","1":"product","2":"type-product","3":"status-publish","4":"has-post-thumbnail","6":"product_cat-cafe-ekipmanlari","7":"product_cat-icecek-ekipmanlari","9":"first","10":"instock","11":"taxable","12":"shipping-taxable","13":"purchasable","14":"product-type-simple"},"jetpack_sharing_enabled":true,"_links":{"self":[{"href":"https:\/\/www.gurelmutfakgerecleri.com\/index.php\/wp-json\/wp\/v2\/product\/1709","targetHints":{"allow":["GET"]}}],"collection":[{"href":"https:\/\/www.gurelmutfakgerecleri.com\/index.php\/wp-json\/wp\/v2\/product"}],"about":[{"href":"https:\/\/www.gurelmutfakgerecleri.com\/index.php\/wp-json\/wp\/v2\/types\/product"}],"replies":[{"embeddable":true,"href":"https:\/\/www.gurelmutfakgerecleri.com\/index.php\/wp-json\/wp\/v2\/comments?post=1709"}],"wp:featuredmedia":[{"embeddable":true,"href":"https:\/\/www.gurelmutfakgerecleri.com\/index.php\/wp-json\/wp\/v2\/media\/1870"}],"wp:attachment":[{"href":"https:\/\/www.gurelmutfakgerecleri.com\/index.php\/wp-json\/wp\/v2\/media?parent=1709"}],"wp:term":[{"taxonomy":"product_brand","embeddable":true,"href":"https:\/\/www.gurelmutfakgerecleri.com\/index.php\/wp-json\/wp\/v2\/product_brand?post=1709"},{"taxonomy":"product_cat","embeddable":true,"href":"https:\/\/www.gurelmutfakgerecleri.com\/index.php\/wp-json\/wp\/v2\/product_cat?post=1709"},{"taxonomy":"product_tag","embeddable":true,"href":"https:\/\/www.gurelmutfakgerecleri.com\/index.php\/wp-json\/wp\/v2\/product_tag?post=1709"}],"curies":[{"name":"wp","href":"https:\/\/api.w.org\/{rel}","templated":true}]}}