{"id":1673,"date":"2025-08-19T06:51:46","date_gmt":"2025-08-19T06:51:46","guid":{"rendered":"https:\/\/www.gurelmutfakgerecleri.com\/?post_type=product&#038;p=1673"},"modified":"2025-08-21T11:28:46","modified_gmt":"2025-08-21T11:28:46","slug":"cancan-nar-tipi-manuel-meyve-presi","status":"publish","type":"product","link":"https:\/\/www.gurelmutfakgerecleri.com\/index.php\/urun\/cancan-nar-tipi-manuel-meyve-presi\/","title":{"rendered":"Cancan Nar Tipi Manuel Meyve Presi"},"content":{"rendered":"<div>Nar,portakal,greyfurt,mandalina ve limon gibi narenciye meyvelerinin s\u0131k\u0131lmas\u0131nda kullan\u0131l\u0131r.<\/div>\n<div>Geni\u015fletilmi\u015f i\u00e7 hacim<\/div>\n<div>Kilitlenir paslanmaz s\u00fczge\u00e7<\/div>\n<div>Ergonomik d\u00f6nebilir kol<\/div>\n<div>Plastik tabanl\u0131klar<\/div>\n<div>Kilitlenir paslanmaz tas<\/div>\n<div>Zarif damlal\u0131k<\/div>\n<div>Destek kolu<\/div>\n<div>Teknik \u00d6zellikleri:<\/div>\n<div>A\u011f\u0131rl\u0131k &#8211; 6 kg<\/div>\n<div>Geni\u015flik &#8211; 20,5 cm<\/div>\n<div>Y\u00fckseklik &#8211; 30 cm<\/div>\n<div>Derinlik &#8211;\u00a0 62 cm<\/div>\n","protected":false},"excerpt":{"rendered":"<h5>+ KDV<\/h5>\n<h5>\u0130stanbul i\u00e7i \u00fccretsiz teslimat.<\/h5>\n<h5>Kurumsal teklif al\u0131n.<\/h5>\n","protected":false},"featured_media":1674,"comment_status":"open","ping_status":"closed","template":"","meta":{"_joinchat":[]},"product_brand":[],"product_cat":[44,15,36],"product_tag":[],"class_list":{"0":"post-1673","1":"product","2":"type-product","3":"status-publish","4":"has-post-thumbnail","6":"product_cat-cafe-ekipmanlari","7":"product_cat-genel","8":"product_cat-icecek-ekipmanlari","10":"first","11":"instock","12":"taxable","13":"shipping-taxable","14":"purchasable","15":"product-type-simple"},"jetpack_sharing_enabled":true,"_links":{"self":[{"href":"https:\/\/www.gurelmutfakgerecleri.com\/index.php\/wp-json\/wp\/v2\/product\/1673","targetHints":{"allow":["GET"]}}],"collection":[{"href":"https:\/\/www.gurelmutfakgerecleri.com\/index.php\/wp-json\/wp\/v2\/product"}],"about":[{"href":"https:\/\/www.gurelmutfakgerecleri.com\/index.php\/wp-json\/wp\/v2\/types\/product"}],"replies":[{"embeddable":true,"href":"https:\/\/www.gurelmutfakgerecleri.com\/index.php\/wp-json\/wp\/v2\/comments?post=1673"}],"wp:featuredmedia":[{"embeddable":true,"href":"https:\/\/www.gurelmutfakgerecleri.com\/index.php\/wp-json\/wp\/v2\/media\/1674"}],"wp:attachment":[{"href":"https:\/\/www.gurelmutfakgerecleri.com\/index.php\/wp-json\/wp\/v2\/media?parent=1673"}],"wp:term":[{"taxonomy":"product_brand","embeddable":true,"href":"https:\/\/www.gurelmutfakgerecleri.com\/index.php\/wp-json\/wp\/v2\/product_brand?post=1673"},{"taxonomy":"product_cat","embeddable":true,"href":"https:\/\/www.gurelmutfakgerecleri.com\/index.php\/wp-json\/wp\/v2\/product_cat?post=1673"},{"taxonomy":"product_tag","embeddable":true,"href":"https:\/\/www.gurelmutfakgerecleri.com\/index.php\/wp-json\/wp\/v2\/product_tag?post=1673"}],"curies":[{"name":"wp","href":"https:\/\/api.w.org\/{rel}","templated":true}]}}