{"id":1666,"date":"2025-08-15T12:08:55","date_gmt":"2025-08-15T12:08:55","guid":{"rendered":"https:\/\/www.gurelmutfakgerecleri.com\/?post_type=product&#038;p=1666"},"modified":"2025-08-21T11:32:03","modified_gmt":"2025-08-21T11:32:03","slug":"remta-r27-maksi-cay-makinesi-2-demlikli-16-l","status":"publish","type":"product","link":"https:\/\/www.gurelmutfakgerecleri.com\/index.php\/urun\/remta-r27-maksi-cay-makinesi-2-demlikli-16-l\/","title":{"rendered":"Remta R27 Maksi \u00c7ay Makinesi, 2 Demlikli, 16 L"},"content":{"rendered":"<h3 id=\"product-title\">Remta R27 Maksi \u00c7ay Makinesi, 2 Demlikli, 16 L, 170 Bardak Kapasiteli<\/h3>\n<ul>\n<li>304 krom 18\/10 paslanmaz \u00e7elikten \u00fcretilmi\u015ftir.<\/li>\n<li>G\u00f6vdesi ve s\u00fczgeci paslanmaz \u00e7eliktir.<\/li>\n<li>\u00c7ay lezzetinin uzun s\u00fcre bozulmamas\u0131n\u0131 sa\u011flar.<\/li>\n<li>Toplu t\u00fcketim i\u00e7in uygun kullan\u0131m sa\u011flar.<\/li>\n<li>Hijyenik ve dayan\u0131kl\u0131d\u0131r.<\/li>\n<li>Otomatik \u0131s\u0131 kontrol sistemi ile tasarrufludur.<\/li>\n<li>Is\u0131 yal\u0131t\u0131ml\u0131 kulplar ile ta\u015f\u0131nabilir.<\/li>\n<li>Su \u0131s\u0131tma sistemi \u00f6zel olarak tasarlanm\u0131\u015ft\u0131r.<\/li>\n<li>G\u00fcn boyu bayatlamayan \u00e7ay demi ve s\u0131cak su verir.<\/li>\n<li>Suyu kaynatan, paslanmayan \u015fok t\u00fcp rezistans ile donat\u0131lm\u0131\u015ft\u0131r.<\/li>\n<li>\u00d6zel model musluklar\u0131 ile ergonomik kullan\u0131m sa\u011flar.<\/li>\n<li>\u00dcr\u00fcn Kapasite: 16 L<\/li>\n<li>\u00dcr\u00fcn \u00d6l\u00e7\u00fcs\u00fc: 420x360x610 mm<\/li>\n<li>Paket \u00d6l\u00e7\u00fcs\u00fc: 380x385x470 mm<\/li>\n<li>A\u011f\u0131rl\u0131k: 5 kg<\/li>\n<li>G\u00fc\u00e7: 1750 W<\/li>\n<\/ul>\n","protected":false},"excerpt":{"rendered":"<h5>+ KDV<\/h5>\n<h5>\u0130stanbul i\u00e7i \u00fccretsiz teslimat.<\/h5>\n<h5>Kurumsal teklif al\u0131n.<\/h5>\n","protected":false},"featured_media":1667,"comment_status":"open","ping_status":"closed","template":"","meta":{"_joinchat":[]},"product_brand":[],"product_cat":[36],"product_tag":[],"class_list":{"0":"post-1666","1":"product","2":"type-product","3":"status-publish","4":"has-post-thumbnail","6":"product_cat-icecek-ekipmanlari","8":"first","9":"instock","10":"taxable","11":"shipping-taxable","12":"purchasable","13":"product-type-simple"},"jetpack_sharing_enabled":true,"_links":{"self":[{"href":"https:\/\/www.gurelmutfakgerecleri.com\/index.php\/wp-json\/wp\/v2\/product\/1666","targetHints":{"allow":["GET"]}}],"collection":[{"href":"https:\/\/www.gurelmutfakgerecleri.com\/index.php\/wp-json\/wp\/v2\/product"}],"about":[{"href":"https:\/\/www.gurelmutfakgerecleri.com\/index.php\/wp-json\/wp\/v2\/types\/product"}],"replies":[{"embeddable":true,"href":"https:\/\/www.gurelmutfakgerecleri.com\/index.php\/wp-json\/wp\/v2\/comments?post=1666"}],"wp:featuredmedia":[{"embeddable":true,"href":"https:\/\/www.gurelmutfakgerecleri.com\/index.php\/wp-json\/wp\/v2\/media\/1667"}],"wp:attachment":[{"href":"https:\/\/www.gurelmutfakgerecleri.com\/index.php\/wp-json\/wp\/v2\/media?parent=1666"}],"wp:term":[{"taxonomy":"product_brand","embeddable":true,"href":"https:\/\/www.gurelmutfakgerecleri.com\/index.php\/wp-json\/wp\/v2\/product_brand?post=1666"},{"taxonomy":"product_cat","embeddable":true,"href":"https:\/\/www.gurelmutfakgerecleri.com\/index.php\/wp-json\/wp\/v2\/product_cat?post=1666"},{"taxonomy":"product_tag","embeddable":true,"href":"https:\/\/www.gurelmutfakgerecleri.com\/index.php\/wp-json\/wp\/v2\/product_tag?post=1666"}],"curies":[{"name":"wp","href":"https:\/\/api.w.org\/{rel}","templated":true}]}}