{"id":1653,"date":"2025-08-14T14:23:21","date_gmt":"2025-08-14T14:23:21","guid":{"rendered":"https:\/\/www.gurelmutfakgerecleri.com\/?post_type=product&#038;p=1653"},"modified":"2025-08-21T11:50:31","modified_gmt":"2025-08-21T11:50:31","slug":"csa-elektrikli-sos-benmari","status":"publish","type":"product","link":"https:\/\/www.gurelmutfakgerecleri.com\/index.php\/urun\/csa-elektrikli-sos-benmari\/","title":{"rendered":"CSA Elektrikli Sos Benmari"},"content":{"rendered":"<h3>CSA\u00a0Elektrikli Sos Benmari Set \u00dcst\u00fc 40x70x30 cm\u00a0KRCS.SBE.470<\/h3>\n<ul>\n<li>Termostatik kontrol.<\/li>\n<li>Yar\u0131m mod\u00fcl 1 adet GN 2\/3 + 2 adet GN 1\/6 kapasitelidir .<\/li>\n<li>Tam mod\u00fcl ise 1 adet GN 1\/1 + 2 adet 1\/4 kapasitelidir.<\/li>\n<li>Tahliye muslu\u011fu.<\/li>\n<li>Su alma muslu\u011fu.<\/li>\n<li>Kolay temizlenebilir ve hijyeniktir.<\/li>\n<li>Paslanmaz \u00e7elik g\u00f6vde.<\/li>\n<li>Enerji T\u00fcr\u00fc:\u00a0Elektrikli<\/li>\n<li>\u00d6l\u00e7\u00fc:\u00a0400x700x300<\/li>\n<li>Kapasite:\u00a0305x510x200<\/li>\n<li>G\u00fc\u00e7: 2,4 kW<\/li>\n<li>Enerji:\u00a0220V-50Hz<\/li>\n<li>A\u011f\u0131rl\u0131k: 17 Kg<\/li>\n<\/ul>\n","protected":false},"excerpt":{"rendered":"<h5>+ KDV<\/h5>\n<h5>\u0130stanbul i\u00e7i \u00fccretsiz teslimat.<\/h5>\n<h5>Kurumsal teklif al\u0131n.<\/h5>\n","protected":false},"featured_media":1654,"comment_status":"open","ping_status":"closed","template":"","meta":{"_joinchat":[]},"product_brand":[],"product_cat":[15],"product_tag":[],"class_list":{"0":"post-1653","1":"product","2":"type-product","3":"status-publish","4":"has-post-thumbnail","6":"product_cat-genel","8":"first","9":"instock","10":"taxable","11":"shipping-taxable","12":"purchasable","13":"product-type-simple"},"jetpack_sharing_enabled":true,"_links":{"self":[{"href":"https:\/\/www.gurelmutfakgerecleri.com\/index.php\/wp-json\/wp\/v2\/product\/1653","targetHints":{"allow":["GET"]}}],"collection":[{"href":"https:\/\/www.gurelmutfakgerecleri.com\/index.php\/wp-json\/wp\/v2\/product"}],"about":[{"href":"https:\/\/www.gurelmutfakgerecleri.com\/index.php\/wp-json\/wp\/v2\/types\/product"}],"replies":[{"embeddable":true,"href":"https:\/\/www.gurelmutfakgerecleri.com\/index.php\/wp-json\/wp\/v2\/comments?post=1653"}],"wp:featuredmedia":[{"embeddable":true,"href":"https:\/\/www.gurelmutfakgerecleri.com\/index.php\/wp-json\/wp\/v2\/media\/1654"}],"wp:attachment":[{"href":"https:\/\/www.gurelmutfakgerecleri.com\/index.php\/wp-json\/wp\/v2\/media?parent=1653"}],"wp:term":[{"taxonomy":"product_brand","embeddable":true,"href":"https:\/\/www.gurelmutfakgerecleri.com\/index.php\/wp-json\/wp\/v2\/product_brand?post=1653"},{"taxonomy":"product_cat","embeddable":true,"href":"https:\/\/www.gurelmutfakgerecleri.com\/index.php\/wp-json\/wp\/v2\/product_cat?post=1653"},{"taxonomy":"product_tag","embeddable":true,"href":"https:\/\/www.gurelmutfakgerecleri.com\/index.php\/wp-json\/wp\/v2\/product_tag?post=1653"}],"curies":[{"name":"wp","href":"https:\/\/api.w.org\/{rel}","templated":true}]}}