{"id":1651,"date":"2025-08-14T14:06:49","date_gmt":"2025-08-14T14:06:49","guid":{"rendered":"https:\/\/www.gurelmutfakgerecleri.com\/?post_type=product&#038;p=1651"},"modified":"2025-08-21T11:52:12","modified_gmt":"2025-08-21T11:52:12","slug":"csa-inox-patates-dinlendirme-makinesi","status":"publish","type":"product","link":"https:\/\/www.gurelmutfakgerecleri.com\/index.php\/urun\/csa-inox-patates-dinlendirme-makinesi\/","title":{"rendered":"CSA \u0130nox Patates Dinlendirme Makinesi"},"content":{"rendered":"<h3 class=\"font-size-5 font-weight-bold mb-0 prdd-title\">CSA Elektrikli Patates Dinlendirme Makinesi Set \u00dcst\u00fc 40x70x30 cm\u00a0KRCS.SPDE.470<\/h3>\n<ul>\n<li>K\u0131zart\u0131lm\u0131\u015f patateslerin s\u0131cak bekletilmesinde ve ya\u011flar\u0131n s\u00fcz\u00fclmesinde kullan\u0131l\u0131r.<\/li>\n<li>Infrared seramik \u0131s\u0131t\u0131c\u0131.<\/li>\n<li>Havuzda k\u0131zartma ya\u011f\u0131n\u0131n s\u00fcz\u00fclmesi<\/li>\n<li>i\u00e7in maksimum verim sa\u011flayan \u00f6zel form.<\/li>\n<li>Kolay temizlenebilir ve hijyeniktir.<\/li>\n<li>Paslanmaz \u00e7elik g\u00f6vde.<\/li>\n<li>Enerji T\u00fcr\u00fc:\u00a0Elektrikli<\/li>\n<li>\u00d6l\u00e7\u00fc:\u00a0400x700x300<\/li>\n<li>Kapasite:\u00a01\/1 GN 100<\/li>\n<li>G\u00fc\u00e7: 1 kW<\/li>\n<li>Enerji: 220V-50Hz<\/li>\n<li>A\u011f\u0131rl\u0131k: 16 Kg<\/li>\n<\/ul>\n","protected":false},"excerpt":{"rendered":"<h5>+ KDV<\/h5>\n<h5>\u0130stanbul i\u00e7i \u00fccretsiz teslimat.<\/h5>\n<h5>Kurumsal teklif al\u0131n.<\/h5>\n","protected":false},"featured_media":1652,"comment_status":"open","ping_status":"closed","template":"","meta":{"_joinchat":[]},"product_brand":[],"product_cat":[33],"product_tag":[],"class_list":{"0":"post-1651","1":"product","2":"type-product","3":"status-publish","4":"has-post-thumbnail","6":"product_cat-pisirme-ekipmanlari","8":"first","9":"instock","10":"taxable","11":"shipping-taxable","12":"purchasable","13":"product-type-simple"},"jetpack_sharing_enabled":true,"_links":{"self":[{"href":"https:\/\/www.gurelmutfakgerecleri.com\/index.php\/wp-json\/wp\/v2\/product\/1651","targetHints":{"allow":["GET"]}}],"collection":[{"href":"https:\/\/www.gurelmutfakgerecleri.com\/index.php\/wp-json\/wp\/v2\/product"}],"about":[{"href":"https:\/\/www.gurelmutfakgerecleri.com\/index.php\/wp-json\/wp\/v2\/types\/product"}],"replies":[{"embeddable":true,"href":"https:\/\/www.gurelmutfakgerecleri.com\/index.php\/wp-json\/wp\/v2\/comments?post=1651"}],"wp:featuredmedia":[{"embeddable":true,"href":"https:\/\/www.gurelmutfakgerecleri.com\/index.php\/wp-json\/wp\/v2\/media\/1652"}],"wp:attachment":[{"href":"https:\/\/www.gurelmutfakgerecleri.com\/index.php\/wp-json\/wp\/v2\/media?parent=1651"}],"wp:term":[{"taxonomy":"product_brand","embeddable":true,"href":"https:\/\/www.gurelmutfakgerecleri.com\/index.php\/wp-json\/wp\/v2\/product_brand?post=1651"},{"taxonomy":"product_cat","embeddable":true,"href":"https:\/\/www.gurelmutfakgerecleri.com\/index.php\/wp-json\/wp\/v2\/product_cat?post=1651"},{"taxonomy":"product_tag","embeddable":true,"href":"https:\/\/www.gurelmutfakgerecleri.com\/index.php\/wp-json\/wp\/v2\/product_tag?post=1651"}],"curies":[{"name":"wp","href":"https:\/\/api.w.org\/{rel}","templated":true}]}}