{"id":1647,"date":"2025-08-14T13:54:32","date_gmt":"2025-08-14T13:54:32","guid":{"rendered":"https:\/\/www.gurelmutfakgerecleri.com\/?post_type=product&#038;p=1647"},"modified":"2025-08-21T11:55:11","modified_gmt":"2025-08-21T11:55:11","slug":"remta-2-demlikli-elektrikli-cay-kazani","status":"publish","type":"product","link":"https:\/\/www.gurelmutfakgerecleri.com\/index.php\/urun\/remta-2-demlikli-elektrikli-cay-kazani\/","title":{"rendered":"Remta 2 Demlikli Elektrikli \u00c7ay Kazan\u0131"},"content":{"rendered":"<h3 class=\"product-name\">Remta 30 Model 2 Demlikli Elektrikli \u00c7ay Kazan\u0131 Oca\u011f\u0131 24 LT &#8211; K31<\/h3>\n<h4>Demlik \u00fcr\u00fcne dahil\u00a0<u>de\u011fildir.<\/u><\/h4>\n<p>Teknik \u00d6zellikleri :\u00dcr\u00fcn Kodu : K31<br \/>\nRenk: \u00c7elik<br \/>\nKapasitesi: 24 litre<br \/>\nMakine A\u011f\u0131rl\u0131\u011f\u0131: 7 Kg<br \/>\nMakine \u00d6l\u00e7\u00fcs\u00fc : 600 x 350 x 370 mm<br \/>\nKoli \u00d6l\u00e7\u00fcs\u00fc : 600 x 410 x 420 mm<br \/>\nMakine G\u00fc\u00e7 ve Voltaj : 220V \u2013 50Hz \u2013 3000w<\/p>\n","protected":false},"excerpt":{"rendered":"<h5>+ KDV<\/h5>\n<h5>\u0130stanbul i\u00e7i \u00fccretsiz teslimat.<\/h5>\n<h5>Kurumsal teklif al\u0131n.<\/h5>\n","protected":false},"featured_media":1648,"comment_status":"open","ping_status":"closed","template":"","meta":{"_joinchat":[]},"product_brand":[],"product_cat":[44,36],"product_tag":[],"class_list":{"0":"post-1647","1":"product","2":"type-product","3":"status-publish","4":"has-post-thumbnail","6":"product_cat-cafe-ekipmanlari","7":"product_cat-icecek-ekipmanlari","9":"first","10":"instock","11":"taxable","12":"shipping-taxable","13":"purchasable","14":"product-type-simple"},"jetpack_sharing_enabled":true,"_links":{"self":[{"href":"https:\/\/www.gurelmutfakgerecleri.com\/index.php\/wp-json\/wp\/v2\/product\/1647","targetHints":{"allow":["GET"]}}],"collection":[{"href":"https:\/\/www.gurelmutfakgerecleri.com\/index.php\/wp-json\/wp\/v2\/product"}],"about":[{"href":"https:\/\/www.gurelmutfakgerecleri.com\/index.php\/wp-json\/wp\/v2\/types\/product"}],"replies":[{"embeddable":true,"href":"https:\/\/www.gurelmutfakgerecleri.com\/index.php\/wp-json\/wp\/v2\/comments?post=1647"}],"wp:featuredmedia":[{"embeddable":true,"href":"https:\/\/www.gurelmutfakgerecleri.com\/index.php\/wp-json\/wp\/v2\/media\/1648"}],"wp:attachment":[{"href":"https:\/\/www.gurelmutfakgerecleri.com\/index.php\/wp-json\/wp\/v2\/media?parent=1647"}],"wp:term":[{"taxonomy":"product_brand","embeddable":true,"href":"https:\/\/www.gurelmutfakgerecleri.com\/index.php\/wp-json\/wp\/v2\/product_brand?post=1647"},{"taxonomy":"product_cat","embeddable":true,"href":"https:\/\/www.gurelmutfakgerecleri.com\/index.php\/wp-json\/wp\/v2\/product_cat?post=1647"},{"taxonomy":"product_tag","embeddable":true,"href":"https:\/\/www.gurelmutfakgerecleri.com\/index.php\/wp-json\/wp\/v2\/product_tag?post=1647"}],"curies":[{"name":"wp","href":"https:\/\/api.w.org\/{rel}","templated":true}]}}