{"id":1642,"date":"2025-08-14T13:25:23","date_gmt":"2025-08-14T13:25:23","guid":{"rendered":"https:\/\/www.gurelmutfakgerecleri.com\/?post_type=product&#038;p=1642"},"modified":"2025-08-21T11:58:57","modified_gmt":"2025-08-21T11:58:57","slug":"isikgaz-silver-500-bardak-cay-makinesi","status":"publish","type":"product","link":"https:\/\/www.gurelmutfakgerecleri.com\/index.php\/urun\/isikgaz-silver-500-bardak-cay-makinesi\/","title":{"rendered":"I\u015f\u0131kgaz Silver 500 Bardak \u00c7ay Makinesi"},"content":{"rendered":"<div class=\"ProductName\">\n<h3>I\u015f\u0131kgaz Silver 500 Bardak Standart \u00c7ay Makinesi 50 Lt \u00c7ay Potu<\/h3>\n<\/div>\n<div id=\"divOnyazi\" class=\"Formline BorderNone OnYaziContent\">\n<ul>\n<li><span style=\"font-size: large;\">\u00dcr\u00fcn 304 Kalite 18\/8 Paslanmaz Krom \u00c7elikten \u00dcretilmektedir<\/span><\/li>\n<li><span style=\"font-size: large;\">Termostat Kontrol\u00fc 30 \/ 110 \u00b0C Aras\u0131d\u0131r<\/span><\/li>\n<li><span style=\"font-size: large;\">24 Saat S\u0131cak Su Ve \u00c7ay Olana\u011f\u0131 Sunar<\/span><\/li>\n<li><span style=\"font-size: large;\">Metal Saplar\u0131 \u0130le Ta\u015f\u0131ma Kolayl\u0131\u011f\u0131 Sa\u011flar<\/span><\/li>\n<li><span style=\"font-size: large;\">Dem Haznesi Ve S\u00fczgeci Paslanmaz \u00c7eliktir.<\/span><\/li>\n<li><span style=\"font-size: large;\">\u00dcr\u00fcnde Pilot Lambas\u0131 Mevcuttur<\/span><\/li>\n<li><span style=\"font-size: large;\">\u00c7ay Lezzetinin Uzun S\u00fcre Bozulmamas\u0131n\u0131 Sa\u011flar<\/span><\/li>\n<li><span style=\"font-size: large;\">Toplu T\u00fcketim \u0130\u00e7in Uygun Kullan\u0131m Sa\u011flar<\/span><\/li>\n<li><span style=\"font-size: large;\">Yuvarlat\u0131lm\u0131\u015f K\u00f6\u015feler Kolay Temizleme \u0130mkan\u0131 Ve Hijyen \u0130mkan\u0131 Sa\u011flam\u0131\u015ft\u0131r<\/span><\/li>\n<li><span style=\"font-size: large;\">\u00dcr\u00fcn\u00fcn G\u00f6vdesi Tamamen Paslanmaz \u00c7eliktir Bu Sayede Uzun Kullan\u0131m \u00d6mr\u00fc Sunar<\/span><\/li>\n<li><span style=\"font-size: large;\">Profesyonel Kullan\u0131mlar \u0130\u00e7in Dizayn Edilmi\u015f Y\u00fcksek Performansl\u0131 \u00dcr\u00fcnd\u00fcr<\/span><\/li>\n<li><span style=\"font-size: large;\">Darbelere Kar\u015f\u0131 Dayan\u0131kl\u0131 Paslanmaz \u00c7elik D\u0131\u015f Y\u00fczey<\/span><\/li>\n<li><span style=\"font-size: large;\">Is\u0131ya Dayan\u0131kl\u0131 \u00d6zel Paslanmaz \u00c7elik Malzemeden \u00dcretilmi\u015f Boro Tip Rezistans Yo\u011fun Kullan\u0131ma G\u00f6re \u00d6zel Tasarlanm\u0131\u015ft\u0131r<\/span><\/li>\n<li><span style=\"font-size: large;\">Plastik Sabitleyici Ayaklar Sayesinde Zeminde Oynama Yapmaz<\/span><\/li>\n<li><span style=\"font-size: large;\">Kullan\u0131m\u0131 Kolay Ve Hijyenik \u00dcr\u00fcnd\u00fcr<\/span><\/li>\n<li><span style=\"font-size: large;\">\u00d6zel Tasar\u0131m Is\u0131t\u0131c\u0131lar Sayesinde Homojen S\u0131cakl\u0131\u011fa Sahip Is\u0131t\u0131c\u0131lar H\u0131zl\u0131 \u015eekilde Y\u00fczey S\u0131cakl\u0131\u011f\u0131n\u0131 \u0130stenilen S\u0131cakl\u0131k Seviyesine Ula\u015ft\u0131rmaktad\u0131r<\/span><\/li>\n<li><span style=\"font-size: large;\">\u00dcr\u00fcnde S\u0131zd\u0131rmaz Basmal\u0131 Plastik Musluk Kullan\u0131lm\u0131\u015ft\u0131r<\/span><\/li>\n<li><span style=\"font-size: large;\">Su Ve \u00c7ay Seviyesini G\u00f6rebilmek \u0130\u00e7in Metal Boru Sistemi Mevcuttur<\/span><\/li>\n<li><span style=\"font-size: large;\">Kurulum Gerektirmez Prize Tak-\u00c7al\u0131\u015ft\u0131r \u00d6zellikli<\/span><\/li>\n<li><span style=\"font-size: large;\">Is\u0131 Ayar D\u00fc\u011fmesi<\/span><\/li>\n<li><span style=\"font-size: large;\">Termostat Sistemi Sayesinde \u0130stenilen S\u0131cakl\u0131\u011fa Geldi\u011finde Otomatik Kapanarak Enerji Tasarrufu Sa\u011flar<\/span><\/li>\n<li><span style=\"font-size: large;\">G\u00fcn\u00fcn Her Saatinde S\u0131cak Suyunuz Haz\u0131r Olur<\/span><\/li>\n<li><span style=\"font-size: large;\">\u00dcretim Yeri: T\u00fcrkiye<\/span><\/li>\n<li><span style=\"font-size: large;\">Bu \u00dcr\u00fcn \u00c7ay Potu, \u00c7ay Semaveri Olarak Da Bilinir<\/span><\/li>\n<li><span style=\"font-size: large;\">\u00dcr\u00fcn Model Tasar\u0131m\u0131nda \u00dcretim Serisine Ba\u011fl\u0131 Olarak K\u00fc\u00e7\u00fck De\u011fi\u015fiklikler Bulunabilir<\/span><\/li>\n<li><span style=\"font-size: large;\">Boy: 48 Cm En: 48 Cm Y\u00fckseklik: 60 Cm\u00a0 A\u011f\u0131rl\u0131k: 9,15 Kg<\/span><\/li>\n<li><span style=\"font-size: large;\">Kapasite: 500 Bardak \/ 50 Litre<\/span><\/li>\n<li><span style=\"font-size: large;\">G\u00fc\u00e7: 2750 Watt<\/span><\/li>\n<li><span style=\"font-size: large;\">Enerji: 220 Volt \/ 50 Hz<\/span><\/li>\n<\/ul>\n<\/div>\n","protected":false},"excerpt":{"rendered":"<h5>+ KDV<\/h5>\n<h5>\u0130stanbul i\u00e7i \u00fccretsiz teslimat.<\/h5>\n<h5>Kurumsal teklif al\u0131n.<\/h5>\n","protected":false},"featured_media":1643,"comment_status":"open","ping_status":"closed","template":"","meta":{"_joinchat":[]},"product_brand":[],"product_cat":[36],"product_tag":[],"class_list":{"0":"post-1642","1":"product","2":"type-product","3":"status-publish","4":"has-post-thumbnail","6":"product_cat-icecek-ekipmanlari","8":"first","9":"instock","10":"sale","11":"taxable","12":"shipping-taxable","13":"purchasable","14":"product-type-simple"},"jetpack_sharing_enabled":true,"_links":{"self":[{"href":"https:\/\/www.gurelmutfakgerecleri.com\/index.php\/wp-json\/wp\/v2\/product\/1642","targetHints":{"allow":["GET"]}}],"collection":[{"href":"https:\/\/www.gurelmutfakgerecleri.com\/index.php\/wp-json\/wp\/v2\/product"}],"about":[{"href":"https:\/\/www.gurelmutfakgerecleri.com\/index.php\/wp-json\/wp\/v2\/types\/product"}],"replies":[{"embeddable":true,"href":"https:\/\/www.gurelmutfakgerecleri.com\/index.php\/wp-json\/wp\/v2\/comments?post=1642"}],"wp:featuredmedia":[{"embeddable":true,"href":"https:\/\/www.gurelmutfakgerecleri.com\/index.php\/wp-json\/wp\/v2\/media\/1643"}],"wp:attachment":[{"href":"https:\/\/www.gurelmutfakgerecleri.com\/index.php\/wp-json\/wp\/v2\/media?parent=1642"}],"wp:term":[{"taxonomy":"product_brand","embeddable":true,"href":"https:\/\/www.gurelmutfakgerecleri.com\/index.php\/wp-json\/wp\/v2\/product_brand?post=1642"},{"taxonomy":"product_cat","embeddable":true,"href":"https:\/\/www.gurelmutfakgerecleri.com\/index.php\/wp-json\/wp\/v2\/product_cat?post=1642"},{"taxonomy":"product_tag","embeddable":true,"href":"https:\/\/www.gurelmutfakgerecleri.com\/index.php\/wp-json\/wp\/v2\/product_tag?post=1642"}],"curies":[{"name":"wp","href":"https:\/\/api.w.org\/{rel}","templated":true}]}}