{"id":1639,"date":"2025-08-14T13:19:27","date_gmt":"2025-08-14T13:19:27","guid":{"rendered":"https:\/\/www.gurelmutfakgerecleri.com\/?post_type=product&#038;p=1639"},"modified":"2025-08-21T12:01:47","modified_gmt":"2025-08-21T12:01:47","slug":"senox-coffeedio-filtre-kahve-makinesi","status":"publish","type":"product","link":"https:\/\/www.gurelmutfakgerecleri.com\/index.php\/urun\/senox-coffeedio-filtre-kahve-makinesi\/","title":{"rendered":"Senox Coffeedio Filtre Kahve Makinesi"},"content":{"rendered":"<h3 id=\"product-title\">Senox FLT120 Coffeedio Filtre Kahve Makinesi, 1.8 L<\/h3>\n<ul>\n<li>Birbirinden ba\u011f\u0131ms\u0131z kullan\u0131labilen \u0131s\u0131t\u0131c\u0131lar<\/li>\n<li>Susuz kaynama korumas\u0131<\/li>\n<li>H\u0131zl\u0131 demleme s\u00fcresi: 6 dk<\/li>\n<li>Mekan ve zevkinize uygun ki\u015fiselle\u015ftirme imkan\u0131<\/li>\n<li>Kapasite: 144 saat\/fincan<\/li>\n<li>Cam pot kapasitesi: 1,8 litre<\/li>\n<li>Opsiyonel olarak 1 ve 2 \u0131s\u0131t\u0131c\u0131l\u0131 ve potlu<\/li>\n<li>Voltaj: 220 V 50 Hz<\/li>\n<li>Elektrik G\u00fcc\u00fc: 2,4 kW<\/li>\n<li>Ebatlar: 190x370x440 mm<\/li>\n<li>A\u011f\u0131rl\u0131k: 5,2 kg<\/li>\n<\/ul>\n","protected":false},"excerpt":{"rendered":"<h5>+ KDV<\/h5>\n<h5>\u0130stanbul i\u00e7i \u00fccretsiz teslimat.<\/h5>\n<h5>Kurumsal teklif al\u0131n.<\/h5>\n","protected":false},"featured_media":1640,"comment_status":"open","ping_status":"closed","template":"","meta":{"_joinchat":[]},"product_brand":[],"product_cat":[36],"product_tag":[],"class_list":{"0":"post-1639","1":"product","2":"type-product","3":"status-publish","4":"has-post-thumbnail","6":"product_cat-icecek-ekipmanlari","8":"first","9":"instock","10":"taxable","11":"shipping-taxable","12":"purchasable","13":"product-type-simple"},"jetpack_sharing_enabled":true,"_links":{"self":[{"href":"https:\/\/www.gurelmutfakgerecleri.com\/index.php\/wp-json\/wp\/v2\/product\/1639","targetHints":{"allow":["GET"]}}],"collection":[{"href":"https:\/\/www.gurelmutfakgerecleri.com\/index.php\/wp-json\/wp\/v2\/product"}],"about":[{"href":"https:\/\/www.gurelmutfakgerecleri.com\/index.php\/wp-json\/wp\/v2\/types\/product"}],"replies":[{"embeddable":true,"href":"https:\/\/www.gurelmutfakgerecleri.com\/index.php\/wp-json\/wp\/v2\/comments?post=1639"}],"wp:featuredmedia":[{"embeddable":true,"href":"https:\/\/www.gurelmutfakgerecleri.com\/index.php\/wp-json\/wp\/v2\/media\/1640"}],"wp:attachment":[{"href":"https:\/\/www.gurelmutfakgerecleri.com\/index.php\/wp-json\/wp\/v2\/media?parent=1639"}],"wp:term":[{"taxonomy":"product_brand","embeddable":true,"href":"https:\/\/www.gurelmutfakgerecleri.com\/index.php\/wp-json\/wp\/v2\/product_brand?post=1639"},{"taxonomy":"product_cat","embeddable":true,"href":"https:\/\/www.gurelmutfakgerecleri.com\/index.php\/wp-json\/wp\/v2\/product_cat?post=1639"},{"taxonomy":"product_tag","embeddable":true,"href":"https:\/\/www.gurelmutfakgerecleri.com\/index.php\/wp-json\/wp\/v2\/product_tag?post=1639"}],"curies":[{"name":"wp","href":"https:\/\/api.w.org\/{rel}","templated":true}]}}