{"id":1616,"date":"2025-08-13T10:48:21","date_gmt":"2025-08-13T10:48:21","guid":{"rendered":"https:\/\/www.gurelmutfakgerecleri.com\/?post_type=product&#038;p=1616"},"modified":"2025-08-21T13:41:33","modified_gmt":"2025-08-21T13:41:33","slug":"csa-inox-elektrikli-12-dilim-tost-makinesi","status":"publish","type":"product","link":"https:\/\/www.gurelmutfakgerecleri.com\/index.php\/urun\/csa-inox-elektrikli-12-dilim-tost-makinesi\/","title":{"rendered":"CSA \u0130nox Elektrikli 12 Dilim Tost Makinesi"},"content":{"rendered":"<h4>CSA \u0130nox Karacasan End\u00fcstriyel Elektrikli 12 Dilim D\u00f6k\u00fcm Tost Makinesi<\/h4>\n<ul>\n<li>Kolay \u00c7\u0131kar\u0131l\u0131p Tak\u0131labilen K\u0131r\u0131nt\u0131 Haznesi.<\/li>\n<li>Plastik Sabitleyici Ayaklar Sayesinde Zeminde Oynama Yapmaz.<\/li>\n<li>Kullan\u0131m\u0131 Kolay Ve Hijyenik \u00dcr\u00fcnd\u00fcr.<\/li>\n<li>Paslanmaz \u00c7elik G\u00f6vde.<\/li>\n<li>Termostat Sistemi Sayesinde \u0130stenilen Is\u0131ya Geldi\u011finde Kapanma.<\/li>\n<li>D\u00f6k\u00fcm Izgaralar Yeterince Kal\u0131n Ve D\u00fczg\u00fcnd\u00fcr.<\/li>\n<li>S\u0131k Ve Seri Kullan\u0131m \u0130\u00e7in Uygundur.<\/li>\n<li>Termostat Kontrol\u00fc 50 \u00b0C \/ 300 \u00b0C Aras\u0131d\u0131r.<\/li>\n<li>Elleri Koruyan Plastik Saplar.<\/li>\n<li>D\u00f6k\u00fcm Tabakalar Sabittir.<\/li>\n<li>A\u00e7ma Kapama D\u00fc\u011fmesi Mevcuttur (12 Ve 20 Dilim).<\/li>\n<li>Paslanmaz \u00c7elik G\u00f6mme Rezistans.<\/li>\n<li>Termostat I\u015f\u0131\u011f\u0131 Ve A\u00e7ma\/Kapama I\u015f\u0131\u011f\u0131 Vard\u0131r (12 Ve 20 Dilim).<\/li>\n<li>Asans\u00f6r Sistemi Sayesinde \u00dcst Kapa\u011f\u0131 \u0130stenilen Seviyede Tutabilme.<\/li>\n<li>Profesyonel Kullan\u0131mlar \u0130\u00e7in Dizayn Edilmi\u015f Y\u00fcksek Performansl\u0131 \u00dcr\u00fcnd\u00fcr.<\/li>\n<li>Is\u0131ya Dayan\u0131kl\u0131 \u00d6zel D\u00f6k\u00fcm Malzemeden \u00dcretilmi\u015f Izgara D\u00f6k\u00fcm\u00fc Ve Rezistanslar Yo\u011fun Kullan\u0131ma G\u00f6re \u00d6zel Tasarlanm\u0131\u015ft\u0131r.<\/li>\n<li>\u00d6zel Tasarlanm\u0131\u015f Rezistanslar; Y\u00fcksek Yanma Verimi Ve D\u00fc\u015f\u00fck Elektrik Emisyon De\u011ferlerine Sahiptir.<\/li>\n<li>Uzun \u00d6m\u00fcrl\u00fc, Dayan\u0131kl\u0131 Ve Kolay Temizlene Bilme \u00d6zelli\u011fi \u0130le Hijyenik Kullan\u0131m Sa\u011flayan Paslanmaz \u00c7elik G\u00f6vdelidir.<\/li>\n<li>2 Y\u0131l Garantilidir.<\/li>\n<li>Darbelere Kar\u015f\u0131 Dayan\u0131kl\u0131 D\u00f6k\u00fcm \u00dcst Y\u00fczey.<\/li>\n<li>Yuvarlat\u0131lm\u0131\u015f K\u00f6\u015feler Kolay Temizleme \u0130mkan\u0131 Ve Hijyen \u0130mkan\u0131 Sa\u011flam\u0131\u015ft\u0131r.<\/li>\n<li>G\u00fc\u00e7l\u00fc Rezistanslar \u0130le \u00dcst Seviye Performan Al\u0131narak Homojen S\u0131cakl\u0131k Da\u011f\u0131l\u0131m\u0131 Sa\u011flar.<\/li>\n<li>Boy: 400 Cm En: 400\u00a0Cm Y\u00fckseklik: 250\u00a0Cm A\u011f\u0131rl\u0131k: 20\u00a0Kg<\/li>\n<li>Kapasite: 12\u00a0D\u0130L\u0130M<\/li>\n<li>G\u00fc\u00e7: 220V-50Hz \/ 1.8KW<\/li>\n<\/ul>\n","protected":false},"excerpt":{"rendered":"<h5>+ KDV<\/h5>\n<h5>\u0130stanbul i\u00e7i \u00fccretsiz teslimat.<\/h5>\n<h5>Kurumsal teklif al\u0131n.<\/h5>\n","protected":false},"featured_media":1477,"comment_status":"open","ping_status":"closed","template":"","meta":{"_joinchat":[]},"product_brand":[],"product_cat":[33,42],"product_tag":[],"class_list":{"0":"post-1616","1":"product","2":"type-product","3":"status-publish","4":"has-post-thumbnail","6":"product_cat-pisirme-ekipmanlari","7":"product_cat-tost-makineleri","9":"first","10":"instock","11":"taxable","12":"shipping-taxable","13":"purchasable","14":"product-type-simple"},"jetpack_sharing_enabled":true,"_links":{"self":[{"href":"https:\/\/www.gurelmutfakgerecleri.com\/index.php\/wp-json\/wp\/v2\/product\/1616","targetHints":{"allow":["GET"]}}],"collection":[{"href":"https:\/\/www.gurelmutfakgerecleri.com\/index.php\/wp-json\/wp\/v2\/product"}],"about":[{"href":"https:\/\/www.gurelmutfakgerecleri.com\/index.php\/wp-json\/wp\/v2\/types\/product"}],"replies":[{"embeddable":true,"href":"https:\/\/www.gurelmutfakgerecleri.com\/index.php\/wp-json\/wp\/v2\/comments?post=1616"}],"wp:featuredmedia":[{"embeddable":true,"href":"https:\/\/www.gurelmutfakgerecleri.com\/index.php\/wp-json\/wp\/v2\/media\/1477"}],"wp:attachment":[{"href":"https:\/\/www.gurelmutfakgerecleri.com\/index.php\/wp-json\/wp\/v2\/media?parent=1616"}],"wp:term":[{"taxonomy":"product_brand","embeddable":true,"href":"https:\/\/www.gurelmutfakgerecleri.com\/index.php\/wp-json\/wp\/v2\/product_brand?post=1616"},{"taxonomy":"product_cat","embeddable":true,"href":"https:\/\/www.gurelmutfakgerecleri.com\/index.php\/wp-json\/wp\/v2\/product_cat?post=1616"},{"taxonomy":"product_tag","embeddable":true,"href":"https:\/\/www.gurelmutfakgerecleri.com\/index.php\/wp-json\/wp\/v2\/product_tag?post=1616"}],"curies":[{"name":"wp","href":"https:\/\/api.w.org\/{rel}","templated":true}]}}