{"id":1611,"date":"2025-08-13T10:15:50","date_gmt":"2025-08-13T10:15:50","guid":{"rendered":"https:\/\/www.gurelmutfakgerecleri.com\/?post_type=product&#038;p=1611"},"modified":"2025-09-04T06:45:33","modified_gmt":"2025-09-04T06:45:33","slug":"cancan-meyve-sikacagi-kollu-bufe-cafe-portakal-sikma-makinasi","status":"publish","type":"product","link":"https:\/\/www.gurelmutfakgerecleri.com\/index.php\/urun\/cancan-meyve-sikacagi-kollu-bufe-cafe-portakal-sikma-makinasi\/","title":{"rendered":"Cancan Profesyonel Tip Manuel Meyve Presi"},"content":{"rendered":"<p>Manuel meyve presleri portakal,\u00a0 greyfurt, limon ve mandalina gibi narenciyelerin fazla g\u00fc\u00e7 gerektirmeden, zaman tasarrufu sa\u011flayarak en verimli \u015fekilde s\u0131k\u0131lmas\u0131 i\u00e7in tasarlanm\u0131\u015ft\u0131r. Ergonomik yap\u0131s\u0131yla kullan\u0131c\u0131ya avantaj sa\u011flamaktad\u0131r. Kullan\u0131m\u0131 ve temizli\u011fi kolayd\u0131r. Tamamen g\u0131daya uygun olan manuel meyve presleri \u00fcr\u00fcn\u00fcn b\u00fct\u00fcn par\u00e7a ve hammaddelerinin insan sa\u011fl\u0131\u011f\u0131na uygunluk belgesi olan NSF sertifikas\u0131 ile belgelenmi\u015ftir.<\/p>\n<p>Kilitli sistem s\u00fczge\u00e7 ve tasa sahiptir. Tas, s\u00fczge\u00e7 ve \u00fcst bask\u0131 \u00e7ap\u0131 10 cm\u2019dir. S\u0131k\u0131m aralar\u0131nda meyve suyunun d\u0131\u015far\u0131 akmamas\u0131 i\u00e7in damlal\u0131k mevcuttur. Kafe, b\u00fcfe, restoran gibi mekanlarda kullan\u0131lmak i\u00e7in tasarlanm\u0131\u015ft\u0131r.<\/p>\n<p>\u00d6zel dizayn edilmi\u015f \u00e7evirme kolu 2 tur d\u00f6nerek fazla g\u00fc\u00e7 gerektirmeden s\u0131k\u0131m\u0131 ger\u00e7ekle\u015ftirir ve zaman tasarrufu sa\u011flar. Ergonomik tasarlanm\u0131\u015f \u00e7evirme kolu ile birim alana 90 kg\u2019l\u0131k s\u0131kma kuvveti uygulanmaktad\u0131r.<\/p>\n<p>S\u00fczgeci tam kavrayan ve tasa tam oturan \u00fcst bask\u0131 sayesinde b\u00fcy\u00fckl\u00fc\u011f\u00fc mevsimine g\u00f6re de\u011fi\u015fen meyvelere tam uyum sa\u011flar. Bu sayede her s\u0131k\u0131mda muadillerine g\u00f6re %30 kazan\u00e7 elde edilir.<\/p>\n<p>Tas\u0131n iki taraf\u0131na yap\u0131lan t\u0131rnaklarla s\u00fczge\u00e7 tasa kilitlenmektedir. B\u00f6ylece s\u0131k\u0131m esnas\u0131nda s\u00fczgecin meyve kabu\u011funa yap\u0131\u015farak havaya kalkmas\u0131 \u00f6nlenmi\u015ftir.<\/p>\n<p>A\u011f\u0131rl\u0131k: 4,5 kg<\/p>\n<p>Geni\u015flik: 19 cm<\/p>\n<p>Derinlik: 29 cm<\/p>\n<p>Y\u00fckseklik: 55 cm<\/p>\n<p>Temizleme: Y\u0131kanabilir Par\u00e7alar<\/p>\n<p>\u00c7al\u0131\u015fma: Manuel Kullan\u0131m<\/p>\n","protected":false},"excerpt":{"rendered":"<h5>+ KDV<\/h5>\n<h5>\u0130stanbul i\u00e7i \u00fccretsiz teslimat.<\/h5>\n","protected":false},"featured_media":1612,"comment_status":"open","ping_status":"closed","template":"","meta":{"_joinchat":[]},"product_brand":[],"product_cat":[44,36],"product_tag":[],"class_list":{"0":"post-1611","1":"product","2":"type-product","3":"status-publish","4":"has-post-thumbnail","6":"product_cat-cafe-ekipmanlari","7":"product_cat-icecek-ekipmanlari","9":"first","10":"instock","11":"taxable","12":"shipping-taxable","13":"purchasable","14":"product-type-simple"},"jetpack_sharing_enabled":true,"_links":{"self":[{"href":"https:\/\/www.gurelmutfakgerecleri.com\/index.php\/wp-json\/wp\/v2\/product\/1611","targetHints":{"allow":["GET"]}}],"collection":[{"href":"https:\/\/www.gurelmutfakgerecleri.com\/index.php\/wp-json\/wp\/v2\/product"}],"about":[{"href":"https:\/\/www.gurelmutfakgerecleri.com\/index.php\/wp-json\/wp\/v2\/types\/product"}],"replies":[{"embeddable":true,"href":"https:\/\/www.gurelmutfakgerecleri.com\/index.php\/wp-json\/wp\/v2\/comments?post=1611"}],"wp:featuredmedia":[{"embeddable":true,"href":"https:\/\/www.gurelmutfakgerecleri.com\/index.php\/wp-json\/wp\/v2\/media\/1612"}],"wp:attachment":[{"href":"https:\/\/www.gurelmutfakgerecleri.com\/index.php\/wp-json\/wp\/v2\/media?parent=1611"}],"wp:term":[{"taxonomy":"product_brand","embeddable":true,"href":"https:\/\/www.gurelmutfakgerecleri.com\/index.php\/wp-json\/wp\/v2\/product_brand?post=1611"},{"taxonomy":"product_cat","embeddable":true,"href":"https:\/\/www.gurelmutfakgerecleri.com\/index.php\/wp-json\/wp\/v2\/product_cat?post=1611"},{"taxonomy":"product_tag","embeddable":true,"href":"https:\/\/www.gurelmutfakgerecleri.com\/index.php\/wp-json\/wp\/v2\/product_tag?post=1611"}],"curies":[{"name":"wp","href":"https:\/\/api.w.org\/{rel}","templated":true}]}}