{"id":1609,"date":"2025-08-13T10:11:08","date_gmt":"2025-08-13T10:11:08","guid":{"rendered":"https:\/\/www.gurelmutfakgerecleri.com\/?post_type=product&#038;p=1609"},"modified":"2025-08-21T13:45:35","modified_gmt":"2025-08-21T13:45:35","slug":"remta-cift-demlikli-elektrikli-cay-kazani-24-lt","status":"publish","type":"product","link":"https:\/\/www.gurelmutfakgerecleri.com\/index.php\/urun\/remta-cift-demlikli-elektrikli-cay-kazani-24-lt\/","title":{"rendered":"Remta \u00c7ift Demlikli Elektrikli \u00c7ay Kazan\u0131 24 Lt"},"content":{"rendered":"<p><a class=\"lDeVj9TGkwG5ZFgFc_YQ\" title=\"Remta\" href=\"https:\/\/www.hepsiburada.com\/remta\" data-test-id=\"brand\">Remta\u00a0<\/a>EP02 30 Model \u00c7ift Demlikli Elektrikli \u00c7ay Kazan\u0131 24 Lt<\/p>\n<p>Demlikler fiyata dahil de\u011fildir.<\/p>\n<div>&#8211; 304 krom 18\/10 paslanmaz \u00e7elikten \u00fcretilmi\u015ftir.<\/div>\n<div>&#8211; G\u00f6vdesi ve rezistans\u0131 paslanmaz \u00e7eliktir.<\/div>\n<div>&#8211; \u00c7ay lezzetinin uzun s\u00fcre bozulmamas\u0131n\u0131 sa\u011flar.<\/div>\n<div>&#8211; Toplu t\u00fcketim i\u00e7in uygun kullan\u0131m sa\u011flar.<\/div>\n<div>&#8211; Hijyenik ve uzun \u00f6m\u00fcrl\u00fcd\u00fcr.<\/div>\n<div>&#8211; Otomatik \u0131s\u0131 kontrol sistemi ile tasarrufludur.<\/div>\n<div>&#8211; Su \u0131s\u0131tma sistemi \u00f6zel olarak tasarlanm\u0131\u015ft\u0131r.<\/div>\n<div>&#8211; G\u00fcn boyu bayatlamayan \u00e7ay demi ve s\u0131cak su verir.<\/div>\n<div>&#8211; Suyu kaynatan, paslanmayan \u015fok t\u00fcp rezistans ile donat\u0131lm\u0131\u015ft\u0131r.<\/div>\n<div>&#8211; \u00d6zel model musluklar\u0131 ile ergonomik kullan\u0131m sa\u011flar.<\/div>\n<div>\u00dcr\u00fcn \u00d6l\u00e7\u00fcleri: 350x275x395mm<\/div>\n<div>A\u011f\u0131rl\u0131k: 5 kg<\/div>\n<div>G\u00fc\u00e7: 2000 W<\/div>\n","protected":false},"excerpt":{"rendered":"<h5>+ KDV<\/h5>\n<h5>\u0130stanbul i\u00e7i \u00fccretsiz teslimat.<\/h5>\n<h5>Kurumsal teklif al\u0131n.<\/h5>\n","protected":false},"featured_media":1610,"comment_status":"open","ping_status":"closed","template":"","meta":{"_joinchat":[]},"product_brand":[],"product_cat":[36],"product_tag":[],"class_list":{"0":"post-1609","1":"product","2":"type-product","3":"status-publish","4":"has-post-thumbnail","6":"product_cat-icecek-ekipmanlari","8":"first","9":"instock","10":"taxable","11":"shipping-taxable","12":"purchasable","13":"product-type-simple"},"jetpack_sharing_enabled":true,"_links":{"self":[{"href":"https:\/\/www.gurelmutfakgerecleri.com\/index.php\/wp-json\/wp\/v2\/product\/1609","targetHints":{"allow":["GET"]}}],"collection":[{"href":"https:\/\/www.gurelmutfakgerecleri.com\/index.php\/wp-json\/wp\/v2\/product"}],"about":[{"href":"https:\/\/www.gurelmutfakgerecleri.com\/index.php\/wp-json\/wp\/v2\/types\/product"}],"replies":[{"embeddable":true,"href":"https:\/\/www.gurelmutfakgerecleri.com\/index.php\/wp-json\/wp\/v2\/comments?post=1609"}],"wp:featuredmedia":[{"embeddable":true,"href":"https:\/\/www.gurelmutfakgerecleri.com\/index.php\/wp-json\/wp\/v2\/media\/1610"}],"wp:attachment":[{"href":"https:\/\/www.gurelmutfakgerecleri.com\/index.php\/wp-json\/wp\/v2\/media?parent=1609"}],"wp:term":[{"taxonomy":"product_brand","embeddable":true,"href":"https:\/\/www.gurelmutfakgerecleri.com\/index.php\/wp-json\/wp\/v2\/product_brand?post=1609"},{"taxonomy":"product_cat","embeddable":true,"href":"https:\/\/www.gurelmutfakgerecleri.com\/index.php\/wp-json\/wp\/v2\/product_cat?post=1609"},{"taxonomy":"product_tag","embeddable":true,"href":"https:\/\/www.gurelmutfakgerecleri.com\/index.php\/wp-json\/wp\/v2\/product_tag?post=1609"}],"curies":[{"name":"wp","href":"https:\/\/api.w.org\/{rel}","templated":true}]}}