{"id":1370,"date":"2025-08-01T11:18:27","date_gmt":"2025-08-01T11:18:27","guid":{"rendered":"https:\/\/www.gurelmutfakgerecleri.com\/?post_type=product&#038;p=1370"},"modified":"2025-08-22T09:50:56","modified_gmt":"2025-08-22T09:50:56","slug":"mini-cift-demlikli-cay-makinesi-5-lt","status":"publish","type":"product","link":"https:\/\/www.gurelmutfakgerecleri.com\/index.php\/urun\/mini-cift-demlikli-cay-makinesi-5-lt\/","title":{"rendered":"Mini \u00c7ift Demlikli \u00c7ay Makinesi 5 lt"},"content":{"rendered":"<p>Hotel bar cafe kullan\u0131m\u0131 i\u00e7in \u00fcretilmi\u015ftir.<\/p>\n<p>&#8211; 304 krom 18\/10 paslanmaz \u00e7elikten \u00fcretilmi\u015ftir.<br \/>\n&#8211; G\u00f6vdesi ve s\u00fczgeci paslanmaz \u00e7eliktir.<br \/>\n&#8211; \u00c7ay lezzetinin uzun s\u00fcre bozulmamas\u0131n\u0131 sa\u011flar.<br \/>\n&#8211; Toplu t\u00fcketim i\u00e7in uygun kullan\u0131m sa\u011flar.<br \/>\n&#8211; Hijyenik ve uzun \u00f6m\u00fcrl\u00fcd\u00fcr.<br \/>\n&#8211; Otomatik \u0131s\u0131 kontrol sistemi ile tasarrufludur.<br \/>\n&#8211; Is\u0131 yal\u0131t\u0131ml\u0131 kulplar ile ta\u015f\u0131nabilir.<br \/>\n&#8211; Su \u0131s\u0131tma sistemi \u00f6zel olarak tasarlanm\u0131\u015ft\u0131r.<br \/>\n&#8211; G\u00fcn boyu bayatlamayan \u00e7ay demi ve s\u0131cak su verir.<br \/>\n&#8211; Suyu kaynatan, paslanmayan \u015fok t\u00fcp rezistans ile donat\u0131lm\u0131\u015ft\u0131r.<br \/>\n&#8211; \u00d6zel model musluklar\u0131 ile ergonomik kullan\u0131m sa\u011flar.<\/p>\n<p>\u00dcr\u00fcn \u00d6l\u00e7\u00fcleri:\u00a0310x275x520mm<br \/>\nA\u011f\u0131rl\u0131k: 3 kg<br \/>\nKapasite: 5 lt<br \/>\nG\u00fc\u00e7:\u00a0900 W<\/p>\n","protected":false},"excerpt":{"rendered":"<h5>+ KDV<\/h5>\n<h5>\u0130stanbul i\u00e7i \u00fccretsiz teslimat.<\/h5>\n<h5>Kurumsal teklif al\u0131n.<\/h5>\n","protected":false},"featured_media":1371,"comment_status":"open","ping_status":"closed","template":"","meta":{"_joinchat":[]},"product_brand":[],"product_cat":[36],"product_tag":[],"class_list":{"0":"post-1370","1":"product","2":"type-product","3":"status-publish","4":"has-post-thumbnail","6":"product_cat-icecek-ekipmanlari","8":"first","9":"instock","10":"taxable","11":"shipping-taxable","12":"purchasable","13":"product-type-simple"},"jetpack_sharing_enabled":true,"_links":{"self":[{"href":"https:\/\/www.gurelmutfakgerecleri.com\/index.php\/wp-json\/wp\/v2\/product\/1370","targetHints":{"allow":["GET"]}}],"collection":[{"href":"https:\/\/www.gurelmutfakgerecleri.com\/index.php\/wp-json\/wp\/v2\/product"}],"about":[{"href":"https:\/\/www.gurelmutfakgerecleri.com\/index.php\/wp-json\/wp\/v2\/types\/product"}],"replies":[{"embeddable":true,"href":"https:\/\/www.gurelmutfakgerecleri.com\/index.php\/wp-json\/wp\/v2\/comments?post=1370"}],"wp:featuredmedia":[{"embeddable":true,"href":"https:\/\/www.gurelmutfakgerecleri.com\/index.php\/wp-json\/wp\/v2\/media\/1371"}],"wp:attachment":[{"href":"https:\/\/www.gurelmutfakgerecleri.com\/index.php\/wp-json\/wp\/v2\/media?parent=1370"}],"wp:term":[{"taxonomy":"product_brand","embeddable":true,"href":"https:\/\/www.gurelmutfakgerecleri.com\/index.php\/wp-json\/wp\/v2\/product_brand?post=1370"},{"taxonomy":"product_cat","embeddable":true,"href":"https:\/\/www.gurelmutfakgerecleri.com\/index.php\/wp-json\/wp\/v2\/product_cat?post=1370"},{"taxonomy":"product_tag","embeddable":true,"href":"https:\/\/www.gurelmutfakgerecleri.com\/index.php\/wp-json\/wp\/v2\/product_tag?post=1370"}],"curies":[{"name":"wp","href":"https:\/\/api.w.org\/{rel}","templated":true}]}}