{"id":1368,"date":"2025-08-01T11:16:42","date_gmt":"2025-08-01T11:16:42","guid":{"rendered":"https:\/\/www.gurelmutfakgerecleri.com\/?post_type=product&#038;p=1368"},"modified":"2025-08-22T09:51:56","modified_gmt":"2025-08-22T09:51:56","slug":"remta-r11-standart-cay-makinasi-7-lt-60-bardak","status":"publish","type":"product","link":"https:\/\/www.gurelmutfakgerecleri.com\/index.php\/urun\/remta-r11-standart-cay-makinasi-7-lt-60-bardak\/","title":{"rendered":"Remta R11 Standart \u00c7ay Makinas\u0131 7 lt 60 Bardak"},"content":{"rendered":"<p><strong>Remta R11 Standart \u00c7ay Makinas\u0131 7 lt \u00a060 Bardak<\/strong><\/p>\n<p>&#8211; \u00dcr\u00fcn 304 kalite krom paslanmaz \u00e7elikten \u00fcretilmi\u015ftir.<\/p>\n<div>&#8211; \u00c7ay haznesi ve s\u00fczgeci paslanmaz \u00e7elikten \u00fcretilmi\u015ftir.<\/div>\n<div>&#8211; \u00c7ay lezzetinin uzun s\u00fcre bozulmamas\u0131n\u0131 sa\u011flar.<\/div>\n<div>&#8211; Toplu t\u00fcketim i\u00e7in uygun kullan\u0131m sa\u011flar.<\/div>\n<div>&#8211; 8 boy model mevcuttur.<\/div>\n<div>&#8211; Hijyenik ve dayan\u0131kl\u0131d\u0131r.<\/div>\n<div>&#8211; Otomatik \u0131s\u0131 kontrol sistemi ile tasarrufludur.<\/div>\n<div>&#8211; Is\u0131 yal\u0131t\u0131ml\u0131 kulplar\u0131 vard\u0131r.<\/div>\n<div>&#8211; \u00dcr\u00fcn\u00fcn su ve \u00e7ay seviyesi i\u00e7in g\u00f6stergeleri vard\u0131r.<\/div>\n<div>&#8211; Su \u0131s\u0131tma sistemi \u00f6zel olarak tasarlanm\u0131\u015ft\u0131r.<\/div>\n<div>&#8211; S\u0131cak su ve \u00e7ay g\u00fcn boyu sa\u011flar.<\/div>\n<div>&#8211; \u00dcr\u00fcnde paslanmaz \u00e7elik t\u00fcp rezistans kullan\u0131lm\u0131\u015ft\u0131r.<\/div>\n<div>\n<p>&#8211; \u00d6zel model musluklar\u0131 ile ergonomik kullan\u0131m sa\u011flar.<\/p>\n<\/div>\n<div>&#8211; CE belgelidir.<\/div>\n<div><\/div>\n<div>\n<div>\u00dcr\u00fcn \u00d6l\u00e7\u00fcleri: 305x300x360mm<\/div>\n<div>A\u011f\u0131rl\u0131k: 3 kg<\/div>\n<div>Kapasite: 7 lt<\/div>\n<div>G\u00fc\u00e7: 1500 W<\/div>\n<\/div>\n<div><a title=\"video\" href=\"https:\/\/youtu.be\/LWxDcp6_Rl4\">https:\/\/youtu.be\/LWxDcp6_Rl4<\/a><\/div>\n","protected":false},"excerpt":{"rendered":"<h5>+ KDV<\/h5>\n<h5>\u0130stanbul i\u00e7i \u00fccretsiz teslimat.<\/h5>\n<h5>Kurumsal teklif al\u0131n.<\/h5>\n","protected":false},"featured_media":1369,"comment_status":"open","ping_status":"closed","template":"","meta":{"_joinchat":[]},"product_brand":[],"product_cat":[36],"product_tag":[],"class_list":{"0":"post-1368","1":"product","2":"type-product","3":"status-publish","4":"has-post-thumbnail","6":"product_cat-icecek-ekipmanlari","8":"first","9":"instock","10":"taxable","11":"shipping-taxable","12":"purchasable","13":"product-type-simple"},"jetpack_sharing_enabled":true,"_links":{"self":[{"href":"https:\/\/www.gurelmutfakgerecleri.com\/index.php\/wp-json\/wp\/v2\/product\/1368","targetHints":{"allow":["GET"]}}],"collection":[{"href":"https:\/\/www.gurelmutfakgerecleri.com\/index.php\/wp-json\/wp\/v2\/product"}],"about":[{"href":"https:\/\/www.gurelmutfakgerecleri.com\/index.php\/wp-json\/wp\/v2\/types\/product"}],"replies":[{"embeddable":true,"href":"https:\/\/www.gurelmutfakgerecleri.com\/index.php\/wp-json\/wp\/v2\/comments?post=1368"}],"wp:featuredmedia":[{"embeddable":true,"href":"https:\/\/www.gurelmutfakgerecleri.com\/index.php\/wp-json\/wp\/v2\/media\/1369"}],"wp:attachment":[{"href":"https:\/\/www.gurelmutfakgerecleri.com\/index.php\/wp-json\/wp\/v2\/media?parent=1368"}],"wp:term":[{"taxonomy":"product_brand","embeddable":true,"href":"https:\/\/www.gurelmutfakgerecleri.com\/index.php\/wp-json\/wp\/v2\/product_brand?post=1368"},{"taxonomy":"product_cat","embeddable":true,"href":"https:\/\/www.gurelmutfakgerecleri.com\/index.php\/wp-json\/wp\/v2\/product_cat?post=1368"},{"taxonomy":"product_tag","embeddable":true,"href":"https:\/\/www.gurelmutfakgerecleri.com\/index.php\/wp-json\/wp\/v2\/product_tag?post=1368"}],"curies":[{"name":"wp","href":"https:\/\/api.w.org\/{rel}","templated":true}]}}