{"id":1261,"date":"2025-07-29T18:03:52","date_gmt":"2025-07-29T18:03:52","guid":{"rendered":"http:\/\/www.gurelmutfakgerecleri.com\/?post_type=product&#038;p=1261"},"modified":"2026-02-18T07:38:32","modified_gmt":"2026-02-18T07:38:32","slug":"remta-de12-jumbo-cay-makinesi-2-demlikli-13-l-elektrikli-siyah","status":"publish","type":"product","link":"https:\/\/www.gurelmutfakgerecleri.com\/index.php\/urun\/remta-de12-jumbo-cay-makinesi-2-demlikli-13-l-elektrikli-siyah\/","title":{"rendered":"Remta 2 Demlikli \u00c7ay Makinesi"},"content":{"rendered":"<h3>D12 Remta Jumbo \u00c7ay Makinesi 2 Demlikli 15 Lt Elektrikli<\/h3>\n<p>Demlikler fiyata dahil de\u011fildir.<\/p>\n<ul>\n<li>304 krom 18\/10 paslanmaz \u00e7elikten \u00fcretilmi\u015ftir.<\/li>\n<li>G\u00f6vdesi ve s\u00fczgeci paslanmaz \u00e7eliktir.<\/li>\n<\/ul>\n<ul>\n<li>\u00c7ay lezzetinin uzun s\u00fcre bozulmamas\u0131n\u0131 sa\u011flar.<\/li>\n<li>Toplu t\u00fcketim i\u00e7in uygun kullan\u0131m sa\u011flar.<\/li>\n<li>Hijyenik ve uzun \u00f6m\u00fcrl\u00fcd\u00fcr.<\/li>\n<li>Otomatik \u0131s\u0131 kontrol sistemi ile tasarrufludur.<\/li>\n<li>Su \u0131s\u0131tma sistemi \u00f6zel olarak tasarlanm\u0131\u015ft\u0131r.<\/li>\n<li>G\u00fcn boyu bayatlamayan \u00e7ay demi ve s\u0131cak su verir.<\/li>\n<li>Suyu kaynatan, paslanmayan \u015fok t\u00fcp rezistans ile donat\u0131lm\u0131\u015ft\u0131r.<\/li>\n<li>\u00d6zel model musluklar\u0131 ile ergonomik kullan\u0131m sa\u011flar.<\/li>\n<li>Cihaz\u0131n su haznesinde su kalmad\u0131\u011f\u0131nda elektri\u011fi keserek sesli ve \u0131\u015f\u0131kl\u0131 ikaz verir.<\/li>\n<\/ul>\n<p><strong>Teknik \u00d6zellikler<\/strong><\/p>\n<ul>\n<li>\u00dcr\u00fcn Kapasite: 13 L<\/li>\n<li>\u00dcr\u00fcn \u00d6l\u00e7\u00fcs\u00fc: 475x300x580 mm (Demlik dahil)<\/li>\n<li>A\u011f\u0131rl\u0131k: 7 kg<\/li>\n<li>G\u00fc\u00e7: 1750 W<\/li>\n<\/ul>\n","protected":false},"excerpt":{"rendered":"<h5>+ KDV<\/h5>\n<h5>\u0130stanbul i\u00e7i \u00fccretsiz teslimat.<\/h5>\n<h5>Kurumsal teklif al\u0131n.<\/h5>\n","protected":false},"featured_media":1262,"comment_status":"open","ping_status":"closed","template":"","meta":{"_joinchat":[]},"product_brand":[],"product_cat":[36],"product_tag":[],"class_list":{"0":"post-1261","1":"product","2":"type-product","3":"status-publish","4":"has-post-thumbnail","6":"product_cat-icecek-ekipmanlari","8":"first","9":"instock","10":"taxable","11":"shipping-taxable","12":"purchasable","13":"product-type-simple"},"jetpack_sharing_enabled":true,"_links":{"self":[{"href":"https:\/\/www.gurelmutfakgerecleri.com\/index.php\/wp-json\/wp\/v2\/product\/1261","targetHints":{"allow":["GET"]}}],"collection":[{"href":"https:\/\/www.gurelmutfakgerecleri.com\/index.php\/wp-json\/wp\/v2\/product"}],"about":[{"href":"https:\/\/www.gurelmutfakgerecleri.com\/index.php\/wp-json\/wp\/v2\/types\/product"}],"replies":[{"embeddable":true,"href":"https:\/\/www.gurelmutfakgerecleri.com\/index.php\/wp-json\/wp\/v2\/comments?post=1261"}],"wp:featuredmedia":[{"embeddable":true,"href":"https:\/\/www.gurelmutfakgerecleri.com\/index.php\/wp-json\/wp\/v2\/media\/1262"}],"wp:attachment":[{"href":"https:\/\/www.gurelmutfakgerecleri.com\/index.php\/wp-json\/wp\/v2\/media?parent=1261"}],"wp:term":[{"taxonomy":"product_brand","embeddable":true,"href":"https:\/\/www.gurelmutfakgerecleri.com\/index.php\/wp-json\/wp\/v2\/product_brand?post=1261"},{"taxonomy":"product_cat","embeddable":true,"href":"https:\/\/www.gurelmutfakgerecleri.com\/index.php\/wp-json\/wp\/v2\/product_cat?post=1261"},{"taxonomy":"product_tag","embeddable":true,"href":"https:\/\/www.gurelmutfakgerecleri.com\/index.php\/wp-json\/wp\/v2\/product_tag?post=1261"}],"curies":[{"name":"wp","href":"https:\/\/api.w.org\/{rel}","templated":true}]}}