{"id":1251,"date":"2025-07-29T17:58:43","date_gmt":"2025-07-29T17:58:43","guid":{"rendered":"http:\/\/www.gurelmutfakgerecleri.com\/?post_type=product&#038;p=1251"},"modified":"2026-02-18T08:08:14","modified_gmt":"2026-02-18T08:08:14","slug":"inoxmaster-2-li-kunefe-ocagi-gazli-ve-lpg-li-50x25x18-cm-imr-knfogt-2","status":"publish","type":"product","link":"https:\/\/www.gurelmutfakgerecleri.com\/index.php\/urun\/inoxmaster-2-li-kunefe-ocagi-gazli-ve-lpg-li-50x25x18-cm-imr-knfogt-2\/","title":{"rendered":"\u0130noxmaster 2 Li K\u00fcnefe Oca\u011f\u0131 &#8211; DG"},"content":{"rendered":"<h3><strong>\u0130noxmaster 2 Li K\u00fcnefe Oca\u011f\u0131 Gazl\u0131 50x25x18 Cm \u0130MR-KNFOGT-2<\/strong><\/h3>\n<p><b>Genel \u00d6zellikler:<\/b><\/p>\n<ul>\n<li>Paslanmaz \u00e7elik g\u00f6vde<\/li>\n<li>G\u00fcvenlik valfi ve termokuplu a\u00e7\u0131k ate\u015f ocak<\/li>\n<li>Do\u011falgaz ve Lpg d\u00f6n\u00fc\u015fl\u00fc<\/li>\n<\/ul>\n<p><strong>Teknik \u00d6zellikler:<\/strong><\/p>\n<ul>\n<li>Enerji: 6\u00a0Kw<\/li>\n<li>\u00dcr\u00fcn \u00d6l\u00e7\u00fcleri: 50X25X18 cm<\/li>\n<li>\u00dcr\u00fcn\u00fcn Kapasitesi:\u00a02 Adet<\/li>\n<li>A\u011f\u0131rl\u0131k: 4 kg<\/li>\n<\/ul>\n<p>&nbsp;<\/p>\n","protected":false},"excerpt":{"rendered":"<h5>+ KDV<\/h5>\n<h5>\u0130stanbul i\u00e7i \u00fccretsiz teslimat.<\/h5>\n<h5>Kurumsal teklif al\u0131n.<\/h5>\n","protected":false},"featured_media":1999,"comment_status":"open","ping_status":"closed","template":"","meta":{"_joinchat":[]},"product_brand":[],"product_cat":[33],"product_tag":[],"class_list":{"0":"post-1251","1":"product","2":"type-product","3":"status-publish","4":"has-post-thumbnail","6":"product_cat-pisirme-ekipmanlari","8":"first","9":"instock","10":"taxable","11":"shipping-taxable","12":"purchasable","13":"product-type-simple"},"jetpack_sharing_enabled":true,"_links":{"self":[{"href":"https:\/\/www.gurelmutfakgerecleri.com\/index.php\/wp-json\/wp\/v2\/product\/1251","targetHints":{"allow":["GET"]}}],"collection":[{"href":"https:\/\/www.gurelmutfakgerecleri.com\/index.php\/wp-json\/wp\/v2\/product"}],"about":[{"href":"https:\/\/www.gurelmutfakgerecleri.com\/index.php\/wp-json\/wp\/v2\/types\/product"}],"replies":[{"embeddable":true,"href":"https:\/\/www.gurelmutfakgerecleri.com\/index.php\/wp-json\/wp\/v2\/comments?post=1251"}],"wp:featuredmedia":[{"embeddable":true,"href":"https:\/\/www.gurelmutfakgerecleri.com\/index.php\/wp-json\/wp\/v2\/media\/1999"}],"wp:attachment":[{"href":"https:\/\/www.gurelmutfakgerecleri.com\/index.php\/wp-json\/wp\/v2\/media?parent=1251"}],"wp:term":[{"taxonomy":"product_brand","embeddable":true,"href":"https:\/\/www.gurelmutfakgerecleri.com\/index.php\/wp-json\/wp\/v2\/product_brand?post=1251"},{"taxonomy":"product_cat","embeddable":true,"href":"https:\/\/www.gurelmutfakgerecleri.com\/index.php\/wp-json\/wp\/v2\/product_cat?post=1251"},{"taxonomy":"product_tag","embeddable":true,"href":"https:\/\/www.gurelmutfakgerecleri.com\/index.php\/wp-json\/wp\/v2\/product_tag?post=1251"}],"curies":[{"name":"wp","href":"https:\/\/api.w.org\/{rel}","templated":true}]}}